{"id":1477,"date":"2023-08-10T01:24:44","date_gmt":"2023-08-10T07:24:44","guid":{"rendered":"https:\/\/rehmex.mx\/?page_id=1477"},"modified":"2023-11-21T02:34:21","modified_gmt":"2023-11-21T08:34:21","slug":"fmh","status":"publish","type":"page","link":"https:\/\/rehmex.mx\/en\/fmh\/","title":{"rendered":"FMH"},"content":{"rendered":"<div data-elementor-type=\"wp-page\" data-elementor-id=\"1477\" class=\"elementor elementor-1477\">\n\t\t\t\t\t\t<section class=\"elementor-section elementor-top-section elementor-element elementor-element-d932bd0 elementor-section-boxed elementor-section-height-default elementor-section-height-default\" data-id=\"d932bd0\" data-element_type=\"section\" data-e-type=\"section\">\n\t\t\t\t\t\t<div class=\"elementor-container elementor-column-gap-default\">\n\t\t\t\t\t<div class=\"elementor-column elementor-col-100 elementor-top-column elementor-element elementor-element-219c8f8\" data-id=\"219c8f8\" data-element_type=\"column\" data-e-type=\"column\">\n\t\t\t<div class=\"elementor-widget-wrap elementor-element-populated\">\n\t\t\t\t\t\t<div class=\"elementor-element elementor-element-4ac77a0 elementor-widget elementor-widget-image\" data-id=\"4ac77a0\" data-element_type=\"widget\" data-e-type=\"widget\" data-widget_type=\"image.default\">\n\t\t\t\t<div class=\"elementor-widget-container\">\n\t\t\t\t\t\t\t\t\t\t\t\t\t\t\t<img decoding=\"async\" width=\"300\" height=\"150\" src=\"https:\/\/rehmex.mx\/wp-content\/uploads\/2023\/08\/fmh_lockup_4c-300x150.png\" class=\"attachment-medium size-medium wp-image-1459\" alt=\"\" srcset=\"https:\/\/rehmex.mx\/wp-content\/uploads\/2023\/08\/fmh_lockup_4c-300x150.png 300w, https:\/\/rehmex.mx\/wp-content\/uploads\/2023\/08\/fmh_lockup_4c-18x9.png 18w, https:\/\/rehmex.mx\/wp-content\/uploads\/2023\/08\/fmh_lockup_4c.png 400w\" sizes=\"(max-width: 300px) 100vw, 300px\" \/>\t\t\t\t\t\t\t\t\t\t\t\t\t\t\t<\/div>\n\t\t\t\t<\/div>\n\t\t\t\t<div class=\"elementor-element elementor-element-0c7520d elementor-widget elementor-widget-image\" data-id=\"0c7520d\" data-element_type=\"widget\" data-e-type=\"widget\" data-widget_type=\"image.default\">\n\t\t\t\t<div class=\"elementor-widget-container\">\n\t\t\t\t\t\t\t\t\t\t\t\t\t\t\t<img fetchpriority=\"high\" decoding=\"async\" width=\"640\" height=\"294\" src=\"https:\/\/rehmex.mx\/wp-content\/uploads\/2023\/08\/fmh.jpg\" class=\"attachment-large size-large wp-image-1460\" alt=\"\" srcset=\"https:\/\/rehmex.mx\/wp-content\/uploads\/2023\/08\/fmh.jpg 980w, https:\/\/rehmex.mx\/wp-content\/uploads\/2023\/08\/fmh-300x138.jpg 300w, https:\/\/rehmex.mx\/wp-content\/uploads\/2023\/08\/fmh-768x353.jpg 768w, https:\/\/rehmex.mx\/wp-content\/uploads\/2023\/08\/fmh-18x8.jpg 18w\" sizes=\"(max-width: 640px) 100vw, 640px\" \/>\t\t\t\t\t\t\t\t\t\t\t\t\t\t\t<\/div>\n\t\t\t\t<\/div>\n\t\t\t\t\t<\/div>\n\t\t<\/div>\n\t\t\t\t\t<\/div>\n\t\t<\/section>\n\t\t\t\t<section class=\"elementor-section elementor-top-section elementor-element elementor-element-bd79225 elementor-section-boxed elementor-section-height-default elementor-section-height-default\" data-id=\"bd79225\" data-element_type=\"section\" data-e-type=\"section\">\n\t\t\t\t\t\t<div class=\"elementor-container elementor-column-gap-default\">\n\t\t\t\t\t<div class=\"elementor-column elementor-col-50 elementor-top-column elementor-element elementor-element-e832bd8\" data-id=\"e832bd8\" data-element_type=\"column\" data-e-type=\"column\">\n\t\t\t<div class=\"elementor-widget-wrap elementor-element-populated\">\n\t\t\t\t\t\t<section class=\"elementor-section elementor-inner-section elementor-element elementor-element-b31cc5e elementor-section-boxed elementor-section-height-default elementor-section-height-default\" data-id=\"b31cc5e\" data-element_type=\"section\" data-e-type=\"section\">\n\t\t\t\t\t\t<div class=\"elementor-container elementor-column-gap-default\">\n\t\t\t\t\t<div class=\"elementor-column elementor-col-50 elementor-inner-column elementor-element elementor-element-965d6f3\" data-id=\"965d6f3\" data-element_type=\"column\" data-e-type=\"column\">\n\t\t\t<div class=\"elementor-widget-wrap elementor-element-populated\">\n\t\t\t\t\t\t<div class=\"elementor-element elementor-element-8b38f87 elementor-position-top elementor-widget elementor-widget-image-box\" data-id=\"8b38f87\" data-element_type=\"widget\" data-e-type=\"widget\" data-widget_type=\"image-box.default\">\n\t\t\t\t<div class=\"elementor-widget-container\">\n\t\t\t\t\t<div class=\"elementor-image-box-wrapper\"><figure class=\"elementor-image-box-img\"><a href=\"https:\/\/filip-gmbh.com\/en\/\" tabindex=\"-1\"><img decoding=\"async\" width=\"863\" height=\"1200\" src=\"https:\/\/rehmex.mx\/wp-content\/uploads\/2023\/08\/FMH-1m.jpg\" class=\"elementor-animation-wobble-vertical attachment-full size-full wp-image-1464\" alt=\"\" srcset=\"https:\/\/rehmex.mx\/wp-content\/uploads\/2023\/08\/FMH-1m.jpg 863w, https:\/\/rehmex.mx\/wp-content\/uploads\/2023\/08\/FMH-1m-216x300.jpg 216w, https:\/\/rehmex.mx\/wp-content\/uploads\/2023\/08\/FMH-1m-736x1024.jpg 736w, https:\/\/rehmex.mx\/wp-content\/uploads\/2023\/08\/FMH-1m-768x1068.jpg 768w, https:\/\/rehmex.mx\/wp-content\/uploads\/2023\/08\/FMH-1m-9x12.jpg 9w\" sizes=\"(max-width: 863px) 100vw, 863px\" \/><\/a><\/figure><div class=\"elementor-image-box-content\"><h3 class=\"elementor-image-box-title\"><a href=\"https:\/\/filip-gmbh.com\/en\/\">Nestaflex<\/a><\/h3><\/div><\/div>\t\t\t\t<\/div>\n\t\t\t\t<\/div>\n\t\t\t\t\t<\/div>\n\t\t<\/div>\n\t\t\t\t<div class=\"elementor-column elementor-col-50 elementor-inner-column elementor-element elementor-element-e333b61\" data-id=\"e333b61\" data-element_type=\"column\" data-e-type=\"column\">\n\t\t\t<div class=\"elementor-widget-wrap elementor-element-populated\">\n\t\t\t\t\t\t<div class=\"elementor-element elementor-element-a629dc2 elementor-position-top elementor-widget elementor-widget-image-box\" data-id=\"a629dc2\" data-element_type=\"widget\" data-e-type=\"widget\" data-widget_type=\"image-box.default\">\n\t\t\t\t<div class=\"elementor-widget-container\">\n\t\t\t\t\t<div class=\"elementor-image-box-wrapper\"><figure class=\"elementor-image-box-img\"><a href=\"https:\/\/filip-gmbh.com\/en\/\" tabindex=\"-1\"><img loading=\"lazy\" decoding=\"async\" width=\"600\" height=\"600\" src=\"https:\/\/rehmex.mx\/wp-content\/uploads\/2023\/08\/FMH-2.jpg\" class=\"elementor-animation-wobble-vertical attachment-full size-full wp-image-1463\" alt=\"\" srcset=\"https:\/\/rehmex.mx\/wp-content\/uploads\/2023\/08\/FMH-2.jpg 600w, https:\/\/rehmex.mx\/wp-content\/uploads\/2023\/08\/FMH-2-300x300.jpg 300w, https:\/\/rehmex.mx\/wp-content\/uploads\/2023\/08\/FMH-2-150x150.jpg 150w, https:\/\/rehmex.mx\/wp-content\/uploads\/2023\/08\/FMH-2-12x12.jpg 12w, https:\/\/rehmex.mx\/wp-content\/uploads\/2023\/08\/FMH-2-120x120.jpg 120w\" sizes=\"(max-width: 600px) 100vw, 600px\" \/><\/a><\/figure><div class=\"elementor-image-box-content\"><h3 class=\"elementor-image-box-title\"><a href=\"https:\/\/filip-gmbh.com\/en\/\"><span style=\"font-family: Roboto, Arial, Tahoma, sans-serif;font-weight: 400\">Nestaflex<\/span><\/a><\/h3><\/div><\/div>\t\t\t\t<\/div>\n\t\t\t\t<\/div>\n\t\t\t\t\t<\/div>\n\t\t<\/div>\n\t\t\t\t\t<\/div>\n\t\t<\/section>\n\t\t\t\t<section class=\"elementor-section elementor-inner-section elementor-element elementor-element-294e420 elementor-section-boxed elementor-section-height-default elementor-section-height-default\" data-id=\"294e420\" data-element_type=\"section\" data-e-type=\"section\">\n\t\t\t\t\t\t<div class=\"elementor-container elementor-column-gap-default\">\n\t\t\t\t\t<div class=\"elementor-column elementor-col-50 elementor-inner-column elementor-element elementor-element-3aa3e56\" data-id=\"3aa3e56\" data-element_type=\"column\" data-e-type=\"column\">\n\t\t\t<div class=\"elementor-widget-wrap elementor-element-populated\">\n\t\t\t\t\t\t<div class=\"elementor-element elementor-element-c5019ba elementor-position-top elementor-widget elementor-widget-image-box\" data-id=\"c5019ba\" data-element_type=\"widget\" data-e-type=\"widget\" data-widget_type=\"image-box.default\">\n\t\t\t\t<div class=\"elementor-widget-container\">\n\t\t\t\t\t<div class=\"elementor-image-box-wrapper\"><figure class=\"elementor-image-box-img\"><a href=\"https:\/\/fmhconveyors.com\/\" tabindex=\"-1\"><img loading=\"lazy\" decoding=\"async\" width=\"440\" height=\"330\" src=\"https:\/\/rehmex.mx\/wp-content\/uploads\/2023\/08\/NestaFlex.jpg\" class=\"elementor-animation-wobble-vertical attachment-full size-full wp-image-1466\" alt=\"\" srcset=\"https:\/\/rehmex.mx\/wp-content\/uploads\/2023\/08\/NestaFlex.jpg 440w, https:\/\/rehmex.mx\/wp-content\/uploads\/2023\/08\/NestaFlex-300x225.jpg 300w, https:\/\/rehmex.mx\/wp-content\/uploads\/2023\/08\/NestaFlex-16x12.jpg 16w, https:\/\/rehmex.mx\/wp-content\/uploads\/2023\/08\/NestaFlex-94x70.jpg 94w\" sizes=\"(max-width: 440px) 100vw, 440px\" \/><\/a><\/figure><div class=\"elementor-image-box-content\"><h3 class=\"elementor-image-box-title\"><a href=\"https:\/\/fmhconveyors.com\/\">Nestaflex<\/a><\/h3><\/div><\/div>\t\t\t\t<\/div>\n\t\t\t\t<\/div>\n\t\t\t\t\t<\/div>\n\t\t<\/div>\n\t\t\t\t<div class=\"elementor-column elementor-col-50 elementor-inner-column elementor-element elementor-element-6fd6132\" data-id=\"6fd6132\" data-element_type=\"column\" data-e-type=\"column\">\n\t\t\t<div class=\"elementor-widget-wrap elementor-element-populated\">\n\t\t\t\t\t\t<div class=\"elementor-element elementor-element-5d42c7e elementor-position-top elementor-widget elementor-widget-image-box\" data-id=\"5d42c7e\" data-element_type=\"widget\" data-e-type=\"widget\" data-widget_type=\"image-box.default\">\n\t\t\t\t<div class=\"elementor-widget-container\">\n\t\t\t\t\t<div class=\"elementor-image-box-wrapper\"><figure class=\"elementor-image-box-img\"><a href=\"https:\/\/fmhconveyors.com\/\" tabindex=\"-1\"><img loading=\"lazy\" decoding=\"async\" width=\"500\" height=\"304\" src=\"https:\/\/rehmex.mx\/wp-content\/uploads\/2023\/08\/bestreach-telescopic-belt-loader-boom-conveyors2931-.jpg\" class=\"elementor-animation-wobble-vertical attachment-full size-full wp-image-1467\" alt=\"\" srcset=\"https:\/\/rehmex.mx\/wp-content\/uploads\/2023\/08\/bestreach-telescopic-belt-loader-boom-conveyors2931-.jpg 500w, https:\/\/rehmex.mx\/wp-content\/uploads\/2023\/08\/bestreach-telescopic-belt-loader-boom-conveyors2931--300x182.jpg 300w, https:\/\/rehmex.mx\/wp-content\/uploads\/2023\/08\/bestreach-telescopic-belt-loader-boom-conveyors2931--18x12.jpg 18w\" sizes=\"(max-width: 500px) 100vw, 500px\" \/><\/a><\/figure><div class=\"elementor-image-box-content\"><h3 class=\"elementor-image-box-title\"><a href=\"https:\/\/fmhconveyors.com\/\">Maxx Reach<\/a><\/h3><\/div><\/div>\t\t\t\t<\/div>\n\t\t\t\t<\/div>\n\t\t\t\t\t<\/div>\n\t\t<\/div>\n\t\t\t\t\t<\/div>\n\t\t<\/section>\n\t\t\t\t\t<\/div>\n\t\t<\/div>\n\t\t\t\t<div class=\"elementor-column elementor-col-50 elementor-top-column elementor-element elementor-element-c614aaa\" data-id=\"c614aaa\" data-element_type=\"column\" data-e-type=\"column\">\n\t\t\t<div class=\"elementor-widget-wrap elementor-element-populated\">\n\t\t\t\t\t\t<div class=\"elementor-element elementor-element-196383e elementor-widget elementor-widget-text-editor\" data-id=\"196383e\" data-element_type=\"widget\" data-e-type=\"widget\" data-widget_type=\"text-editor.default\">\n\t\t\t\t<div class=\"elementor-widget-container\">\n\t\t\t\t\t\t\t\t\t<p>FMH Conveyors dise\u00f1a y fabrica equipos para el manejo de materiales, desarrollados para ofrecer un rendimiento de transporte de larga duraci\u00f3n en las condiciones m\u00e1s extremas a menudo asociadas con el env\u00edo y la recepci\u00f3n.<\/p>\t\t\t\t\t\t\t\t<\/div>\n\t\t\t\t<\/div>\n\t\t\t\t<div class=\"elementor-element elementor-element-af1720f elementor-widget elementor-widget-heading\" data-id=\"af1720f\" data-element_type=\"widget\" data-e-type=\"widget\" data-widget_type=\"heading.default\">\n\t\t\t\t<div class=\"elementor-widget-container\">\n\t\t\t\t\t<h2 class=\"elementor-heading-title elementor-size-default\">Proveedor<\/h2>\t\t\t\t<\/div>\n\t\t\t\t<\/div>\n\t\t\t\t<div class=\"elementor-element elementor-element-bc46d55 elementor-view-stacked elementor-position-inline-start elementor-shape-circle elementor-mobile-position-block-start elementor-widget elementor-widget-icon-box\" data-id=\"bc46d55\" data-element_type=\"widget\" data-e-type=\"widget\" data-widget_type=\"icon-box.default\">\n\t\t\t\t<div class=\"elementor-widget-container\">\n\t\t\t\t\t\t\t<div class=\"elementor-icon-box-wrapper\">\n\n\t\t\t\t\t\t<div class=\"elementor-icon-box-icon\">\n\t\t\t\t<span  class=\"elementor-icon\">\n\t\t\t\t<i aria-hidden=\"true\" class=\"far fa-building\"><\/i>\t\t\t\t<\/span>\n\t\t\t<\/div>\n\t\t\t\n\t\t\t\t\t\t<div class=\"elementor-icon-box-content\">\n\n\t\t\t\t\t\t\t\t\t<h3 class=\"elementor-icon-box-title\">\n\t\t\t\t\t\t<span  >\n\t\t\t\t\t\t\tFMH\t\t\t\t\t\t<\/span>\n\t\t\t\t\t<\/h3>\n\t\t\t\t\n\t\t\t\t\n\t\t\t<\/div>\n\t\t\t\n\t\t<\/div>\n\t\t\t\t\t\t<\/div>\n\t\t\t\t<\/div>\n\t\t\t\t<div class=\"elementor-element elementor-element-a17a8a8 elementor-widget elementor-widget-heading\" data-id=\"a17a8a8\" data-element_type=\"widget\" data-e-type=\"widget\" data-widget_type=\"heading.default\">\n\t\t\t\t<div class=\"elementor-widget-container\">\n\t\t\t\t\t<h2 class=\"elementor-heading-title elementor-size-default\">Website<\/h2>\t\t\t\t<\/div>\n\t\t\t\t<\/div>\n\t\t\t\t<div class=\"elementor-element elementor-element-7df6114 elementor-view-stacked elementor-position-inline-start elementor-shape-circle elementor-mobile-position-block-start elementor-widget elementor-widget-icon-box\" data-id=\"7df6114\" data-element_type=\"widget\" data-e-type=\"widget\" data-widget_type=\"icon-box.default\">\n\t\t\t\t<div class=\"elementor-widget-container\">\n\t\t\t\t\t\t\t<div class=\"elementor-icon-box-wrapper\">\n\n\t\t\t\t\t\t<div class=\"elementor-icon-box-icon\">\n\t\t\t\t<a href=\"https:\/\/fmhconveyors.com\/es\/home\/\" class=\"elementor-icon\" tabindex=\"-1\" aria-label=\"Ver sitio web\">\n\t\t\t\t<i aria-hidden=\"true\" class=\"far fa-building\"><\/i>\t\t\t\t<\/a>\n\t\t\t<\/div>\n\t\t\t\n\t\t\t\t\t\t<div class=\"elementor-icon-box-content\">\n\n\t\t\t\t\t\t\t\t\t<h3 class=\"elementor-icon-box-title\">\n\t\t\t\t\t\t<a href=\"https:\/\/fmhconveyors.com\/es\/home\/\" >\n\t\t\t\t\t\t\tVer sitio web\t\t\t\t\t\t<\/a>\n\t\t\t\t\t<\/h3>\n\t\t\t\t\n\t\t\t\t\n\t\t\t<\/div>\n\t\t\t\n\t\t<\/div>\n\t\t\t\t\t\t<\/div>\n\t\t\t\t<\/div>\n\t\t\t\t<div class=\"elementor-element elementor-element-954108d elementor-widget elementor-widget-heading\" data-id=\"954108d\" data-element_type=\"widget\" data-e-type=\"widget\" data-widget_type=\"heading.default\">\n\t\t\t\t<div class=\"elementor-widget-container\">\n\t\t\t\t\t<h2 class=\"elementor-heading-title elementor-size-default\">Website<\/h2>\t\t\t\t<\/div>\n\t\t\t\t<\/div>\n\t\t\t\t<div class=\"elementor-element elementor-element-2249b78 elementor-view-stacked elementor-position-inline-start elementor-shape-circle elementor-mobile-position-block-start elementor-widget elementor-widget-icon-box\" data-id=\"2249b78\" data-element_type=\"widget\" data-e-type=\"widget\" data-widget_type=\"icon-box.default\">\n\t\t\t\t<div class=\"elementor-widget-container\">\n\t\t\t\t\t\t\t<div class=\"elementor-icon-box-wrapper\">\n\n\t\t\t\t\t\t<div class=\"elementor-icon-box-icon\">\n\t\t\t\t<a href=\"https:\/\/fmhconveyors.com\/products\/\" class=\"elementor-icon\" tabindex=\"-1\" aria-label=\"Ver cat\u00e1logo de productos\">\n\t\t\t\t<i aria-hidden=\"true\" class=\"far fa-building\"><\/i>\t\t\t\t<\/a>\n\t\t\t<\/div>\n\t\t\t\n\t\t\t\t\t\t<div class=\"elementor-icon-box-content\">\n\n\t\t\t\t\t\t\t\t\t<h3 class=\"elementor-icon-box-title\">\n\t\t\t\t\t\t<a href=\"https:\/\/fmhconveyors.com\/products\/\" >\n\t\t\t\t\t\t\tVer cat\u00e1logo de productos\t\t\t\t\t\t<\/a>\n\t\t\t\t\t<\/h3>\n\t\t\t\t\n\t\t\t\t\n\t\t\t<\/div>\n\t\t\t\n\t\t<\/div>\n\t\t\t\t\t\t<\/div>\n\t\t\t\t<\/div>\n\t\t\t\t<div class=\"elementor-element elementor-element-61bdc3a elementor-widget elementor-widget-heading\" data-id=\"61bdc3a\" data-element_type=\"widget\" data-e-type=\"widget\" data-widget_type=\"heading.default\">\n\t\t\t\t<div class=\"elementor-widget-container\">\n\t\t\t\t\t<h2 class=\"elementor-heading-title elementor-size-default\">Se especializa en<\/h2>\t\t\t\t<\/div>\n\t\t\t\t<\/div>\n\t\t\t\t<div class=\"elementor-element elementor-element-e0579a0 elementor-view-stacked elementor-position-inline-start elementor-shape-circle elementor-mobile-position-block-start elementor-widget elementor-widget-icon-box\" data-id=\"e0579a0\" data-element_type=\"widget\" data-e-type=\"widget\" data-widget_type=\"icon-box.default\">\n\t\t\t\t<div class=\"elementor-widget-container\">\n\t\t\t\t\t\t\t<div class=\"elementor-icon-box-wrapper\">\n\n\t\t\t\t\t\t<div class=\"elementor-icon-box-icon\">\n\t\t\t\t<span  class=\"elementor-icon\">\n\t\t\t\t<i aria-hidden=\"true\" class=\"far fa-building\"><\/i>\t\t\t\t<\/span>\n\t\t\t<\/div>\n\t\t\t\n\t\t\t\t\t\t<div class=\"elementor-icon-box-content\">\n\n\t\t\t\t\t\t\t\t\t<h3 class=\"elementor-icon-box-title\">\n\t\t\t\t\t\t<span  >\n\t\t\t\t\t\t\tEquipos para el manejo de materiales\t\t\t\t\t\t<\/span>\n\t\t\t\t\t<\/h3>\n\t\t\t\t\n\t\t\t\t\n\t\t\t<\/div>\n\t\t\t\n\t\t<\/div>\n\t\t\t\t\t\t<\/div>\n\t\t\t\t<\/div>\n\t\t\t\t\t<\/div>\n\t\t<\/div>\n\t\t\t\t\t<\/div>\n\t\t<\/section>\n\t\t\t\t<\/div>","protected":false},"excerpt":{"rendered":"<p>Nestaflex Nestaflex Nestaflex Maxx Reach FMH Conveyors dise\u00f1a y fabrica equipos para el manejo de materiales, desarrollados para ofrecer un rendimiento de transporte de larga duraci\u00f3n en las condiciones m\u00e1s extremas a menudo asociadas con el env\u00edo y la recepci\u00f3n. Proveedor FMH Website Ver sitio web Website Ver cat\u00e1logo de productos Se especializa en Equipos [&hellip;]<\/p>\n","protected":false},"author":1,"featured_media":0,"parent":0,"menu_order":0,"comment_status":"closed","ping_status":"closed","template":"","meta":{"_acf_changed":false,"footnotes":""},"class_list":["post-1477","page","type-page","status-publish","hentry"],"acf":[],"_links":{"self":[{"href":"https:\/\/rehmex.mx\/en\/wp-json\/wp\/v2\/pages\/1477"}],"collection":[{"href":"https:\/\/rehmex.mx\/en\/wp-json\/wp\/v2\/pages"}],"about":[{"href":"https:\/\/rehmex.mx\/en\/wp-json\/wp\/v2\/types\/page"}],"author":[{"embeddable":true,"href":"https:\/\/rehmex.mx\/en\/wp-json\/wp\/v2\/users\/1"}],"replies":[{"embeddable":true,"href":"https:\/\/rehmex.mx\/en\/wp-json\/wp\/v2\/comments?post=1477"}],"version-history":[{"count":3,"href":"https:\/\/rehmex.mx\/en\/wp-json\/wp\/v2\/pages\/1477\/revisions"}],"predecessor-version":[{"id":12057,"href":"https:\/\/rehmex.mx\/en\/wp-json\/wp\/v2\/pages\/1477\/revisions\/12057"}],"wp:attachment":[{"href":"https:\/\/rehmex.mx\/en\/wp-json\/wp\/v2\/media?parent=1477"}],"curies":[{"name":"wp","href":"https:\/\/api.w.org\/{rel}","templated":true}]}}