{"id":1493,"date":"2023-08-14T00:34:05","date_gmt":"2023-08-14T06:34:05","guid":{"rendered":"https:\/\/rehmex.mx\/?page_id=1493"},"modified":"2023-08-14T01:17:40","modified_gmt":"2023-08-14T07:17:40","slug":"mekitec","status":"publish","type":"page","link":"https:\/\/rehmex.mx\/en\/mekitec\/","title":{"rendered":"Mekitec"},"content":{"rendered":"<div data-elementor-type=\"wp-page\" data-elementor-id=\"1493\" class=\"elementor elementor-1493\">\n\t\t\t\t\t\t<section class=\"elementor-section elementor-top-section elementor-element elementor-element-d932bd0 elementor-section-boxed elementor-section-height-default elementor-section-height-default\" data-id=\"d932bd0\" data-element_type=\"section\" data-e-type=\"section\">\n\t\t\t\t\t\t<div class=\"elementor-container elementor-column-gap-default\">\n\t\t\t\t\t<div class=\"elementor-column elementor-col-100 elementor-top-column elementor-element elementor-element-219c8f8\" data-id=\"219c8f8\" data-element_type=\"column\" data-e-type=\"column\">\n\t\t\t<div class=\"elementor-widget-wrap elementor-element-populated\">\n\t\t\t\t\t\t<div class=\"elementor-element elementor-element-4ac77a0 elementor-widget elementor-widget-image\" data-id=\"4ac77a0\" data-element_type=\"widget\" data-e-type=\"widget\" data-widget_type=\"image.default\">\n\t\t\t\t<div class=\"elementor-widget-container\">\n\t\t\t\t\t\t\t\t\t\t\t\t\t\t\t<img decoding=\"async\" width=\"300\" height=\"58\" src=\"https:\/\/rehmex.mx\/wp-content\/uploads\/2023\/08\/mekitec-logo-300x58.png\" class=\"attachment-medium size-medium wp-image-1514\" alt=\"\" srcset=\"https:\/\/rehmex.mx\/wp-content\/uploads\/2023\/08\/mekitec-logo-300x58.png 300w, https:\/\/rehmex.mx\/wp-content\/uploads\/2023\/08\/mekitec-logo-1024x197.png 1024w, https:\/\/rehmex.mx\/wp-content\/uploads\/2023\/08\/mekitec-logo-768x148.png 768w, https:\/\/rehmex.mx\/wp-content\/uploads\/2023\/08\/mekitec-logo-18x3.png 18w, https:\/\/rehmex.mx\/wp-content\/uploads\/2023\/08\/mekitec-logo-1280x250.png 1280w, https:\/\/rehmex.mx\/wp-content\/uploads\/2023\/08\/mekitec-logo-1000x192.png 1000w, https:\/\/rehmex.mx\/wp-content\/uploads\/2023\/08\/mekitec-logo.png 1299w\" sizes=\"(max-width: 300px) 100vw, 300px\" \/>\t\t\t\t\t\t\t\t\t\t\t\t\t\t\t<\/div>\n\t\t\t\t<\/div>\n\t\t\t\t<div class=\"elementor-element elementor-element-0c7520d elementor-widget elementor-widget-image\" data-id=\"0c7520d\" data-element_type=\"widget\" data-e-type=\"widget\" data-widget_type=\"image.default\">\n\t\t\t\t<div class=\"elementor-widget-container\">\n\t\t\t\t\t\t\t\t\t\t\t\t\t\t\t<img fetchpriority=\"high\" decoding=\"async\" width=\"640\" height=\"353\" src=\"https:\/\/rehmex.mx\/wp-content\/uploads\/2023\/08\/mktc.jpeg\" class=\"attachment-large size-large wp-image-1513\" alt=\"\" srcset=\"https:\/\/rehmex.mx\/wp-content\/uploads\/2023\/08\/mktc.jpeg 960w, https:\/\/rehmex.mx\/wp-content\/uploads\/2023\/08\/mktc-300x165.jpeg 300w, https:\/\/rehmex.mx\/wp-content\/uploads\/2023\/08\/mktc-768x423.jpeg 768w, https:\/\/rehmex.mx\/wp-content\/uploads\/2023\/08\/mktc-18x10.jpeg 18w\" sizes=\"(max-width: 640px) 100vw, 640px\" \/>\t\t\t\t\t\t\t\t\t\t\t\t\t\t\t<\/div>\n\t\t\t\t<\/div>\n\t\t\t\t\t<\/div>\n\t\t<\/div>\n\t\t\t\t\t<\/div>\n\t\t<\/section>\n\t\t\t\t<section class=\"elementor-section elementor-top-section elementor-element elementor-element-bd79225 elementor-section-boxed elementor-section-height-default elementor-section-height-default\" data-id=\"bd79225\" data-element_type=\"section\" data-e-type=\"section\">\n\t\t\t\t\t\t<div class=\"elementor-container elementor-column-gap-default\">\n\t\t\t\t\t<div class=\"elementor-column elementor-col-50 elementor-top-column elementor-element elementor-element-e832bd8\" data-id=\"e832bd8\" data-element_type=\"column\" data-e-type=\"column\">\n\t\t\t<div class=\"elementor-widget-wrap elementor-element-populated\">\n\t\t\t\t\t\t<section class=\"elementor-section elementor-inner-section elementor-element elementor-element-b31cc5e elementor-section-boxed elementor-section-height-default elementor-section-height-default\" data-id=\"b31cc5e\" data-element_type=\"section\" data-e-type=\"section\">\n\t\t\t\t\t\t<div class=\"elementor-container elementor-column-gap-default\">\n\t\t\t\t\t<div class=\"elementor-column elementor-col-33 elementor-inner-column elementor-element elementor-element-965d6f3\" data-id=\"965d6f3\" data-element_type=\"column\" data-e-type=\"column\">\n\t\t\t<div class=\"elementor-widget-wrap elementor-element-populated\">\n\t\t\t\t\t\t<div class=\"elementor-element elementor-element-8b38f87 elementor-position-top elementor-widget elementor-widget-image-box\" data-id=\"8b38f87\" data-element_type=\"widget\" data-e-type=\"widget\" data-widget_type=\"image-box.default\">\n\t\t\t\t<div class=\"elementor-widget-container\">\n\t\t\t\t\t<div class=\"elementor-image-box-wrapper\"><figure class=\"elementor-image-box-img\"><a href=\"https:\/\/www.mekitec.com\/\" tabindex=\"-1\"><img decoding=\"async\" width=\"298\" height=\"315\" src=\"https:\/\/rehmex.mx\/wp-content\/uploads\/2023\/08\/m1.png\" class=\"elementor-animation-wobble-vertical attachment-full size-full wp-image-1522\" alt=\"\" srcset=\"https:\/\/rehmex.mx\/wp-content\/uploads\/2023\/08\/m1.png 298w, https:\/\/rehmex.mx\/wp-content\/uploads\/2023\/08\/m1-284x300.png 284w, https:\/\/rehmex.mx\/wp-content\/uploads\/2023\/08\/m1-11x12.png 11w\" sizes=\"(max-width: 298px) 100vw, 298px\" \/><\/a><\/figure><div class=\"elementor-image-box-content\"><h3 class=\"elementor-image-box-title\"><a href=\"https:\/\/www.mekitec.com\/\">Sistema de Inspecci\u00f3n de rayos X de Meki<\/a><\/h3><\/div><\/div>\t\t\t\t<\/div>\n\t\t\t\t<\/div>\n\t\t\t\t\t<\/div>\n\t\t<\/div>\n\t\t\t\t<div class=\"elementor-column elementor-col-33 elementor-inner-column elementor-element elementor-element-e333b61\" data-id=\"e333b61\" data-element_type=\"column\" data-e-type=\"column\">\n\t\t\t<div class=\"elementor-widget-wrap elementor-element-populated\">\n\t\t\t\t\t\t<div class=\"elementor-element elementor-element-a629dc2 elementor-position-top elementor-widget elementor-widget-image-box\" data-id=\"a629dc2\" data-element_type=\"widget\" data-e-type=\"widget\" data-widget_type=\"image-box.default\">\n\t\t\t\t<div class=\"elementor-widget-container\">\n\t\t\t\t\t<div class=\"elementor-image-box-wrapper\"><figure class=\"elementor-image-box-img\"><a href=\"https:\/\/www.mekitec.com\/\" tabindex=\"-1\"><img loading=\"lazy\" decoding=\"async\" width=\"246\" height=\"295\" src=\"https:\/\/rehmex.mx\/wp-content\/uploads\/2023\/08\/m2.png\" class=\"elementor-animation-wobble-vertical attachment-full size-full wp-image-1526\" alt=\"\" srcset=\"https:\/\/rehmex.mx\/wp-content\/uploads\/2023\/08\/m2.png 246w, https:\/\/rehmex.mx\/wp-content\/uploads\/2023\/08\/m2-10x12.png 10w\" sizes=\"(max-width: 246px) 100vw, 246px\" \/><\/a><\/figure><div class=\"elementor-image-box-content\"><h3 class=\"elementor-image-box-title\"><a href=\"https:\/\/www.mekitec.com\/\">Sistema de inspecci\u00f3n de rayos X Midmeki<\/a><\/h3><\/div><\/div>\t\t\t\t<\/div>\n\t\t\t\t<\/div>\n\t\t\t\t\t<\/div>\n\t\t<\/div>\n\t\t\t\t<div class=\"elementor-column elementor-col-33 elementor-inner-column elementor-element elementor-element-4bf66fc\" data-id=\"4bf66fc\" data-element_type=\"column\" data-e-type=\"column\">\n\t\t\t<div class=\"elementor-widget-wrap elementor-element-populated\">\n\t\t\t\t\t\t<div class=\"elementor-element elementor-element-3056a6e elementor-position-top elementor-widget elementor-widget-image-box\" data-id=\"3056a6e\" data-element_type=\"widget\" data-e-type=\"widget\" data-widget_type=\"image-box.default\">\n\t\t\t\t<div class=\"elementor-widget-container\">\n\t\t\t\t\t<div class=\"elementor-image-box-wrapper\"><figure class=\"elementor-image-box-img\"><a href=\"https:\/\/www.mekitec.com\/\" tabindex=\"-1\"><img loading=\"lazy\" decoding=\"async\" width=\"359\" height=\"307\" src=\"https:\/\/rehmex.mx\/wp-content\/uploads\/2023\/08\/m3.png\" class=\"elementor-animation-wobble-vertical attachment-full size-full wp-image-1527\" alt=\"\" srcset=\"https:\/\/rehmex.mx\/wp-content\/uploads\/2023\/08\/m3.png 359w, https:\/\/rehmex.mx\/wp-content\/uploads\/2023\/08\/m3-300x257.png 300w, https:\/\/rehmex.mx\/wp-content\/uploads\/2023\/08\/m3-14x12.png 14w\" sizes=\"(max-width: 359px) 100vw, 359px\" \/><\/a><\/figure><div class=\"elementor-image-box-content\"><h3 class=\"elementor-image-box-title\"><a href=\"https:\/\/www.mekitec.com\/\">Sistema de inspecci\u00f3n de rayos X Meki C<\/a><\/h3><\/div><\/div>\t\t\t\t<\/div>\n\t\t\t\t<\/div>\n\t\t\t\t\t<\/div>\n\t\t<\/div>\n\t\t\t\t\t<\/div>\n\t\t<\/section>\n\t\t\t\t<section class=\"elementor-section elementor-inner-section elementor-element elementor-element-294e420 elementor-section-boxed elementor-section-height-default elementor-section-height-default\" data-id=\"294e420\" data-element_type=\"section\" data-e-type=\"section\">\n\t\t\t\t\t\t<div class=\"elementor-container elementor-column-gap-default\">\n\t\t\t\t\t<div class=\"elementor-column elementor-col-33 elementor-inner-column elementor-element elementor-element-3aa3e56\" data-id=\"3aa3e56\" data-element_type=\"column\" data-e-type=\"column\">\n\t\t\t<div class=\"elementor-widget-wrap elementor-element-populated\">\n\t\t\t\t\t\t<div class=\"elementor-element elementor-element-c5019ba elementor-position-top elementor-widget elementor-widget-image-box\" data-id=\"c5019ba\" data-element_type=\"widget\" data-e-type=\"widget\" data-widget_type=\"image-box.default\">\n\t\t\t\t<div class=\"elementor-widget-container\">\n\t\t\t\t\t<div class=\"elementor-image-box-wrapper\"><figure class=\"elementor-image-box-img\"><a href=\"https:\/\/www.mekitec.com\/\" tabindex=\"-1\"><img loading=\"lazy\" decoding=\"async\" width=\"270\" height=\"309\" src=\"https:\/\/rehmex.mx\/wp-content\/uploads\/2023\/08\/m4.png\" class=\"elementor-animation-wobble-vertical attachment-full size-full wp-image-1531\" alt=\"\" srcset=\"https:\/\/rehmex.mx\/wp-content\/uploads\/2023\/08\/m4.png 270w, https:\/\/rehmex.mx\/wp-content\/uploads\/2023\/08\/m4-262x300.png 262w, https:\/\/rehmex.mx\/wp-content\/uploads\/2023\/08\/m4-10x12.png 10w\" sizes=\"(max-width: 270px) 100vw, 270px\" \/><\/a><\/figure><div class=\"elementor-image-box-content\"><h3 class=\"elementor-image-box-title\"><a href=\"https:\/\/www.mekitec.com\/\">Sistema de Inspecci\u00f3n de rayos X de Meki One<\/a><\/h3><\/div><\/div>\t\t\t\t<\/div>\n\t\t\t\t<\/div>\n\t\t\t\t\t<\/div>\n\t\t<\/div>\n\t\t\t\t<div class=\"elementor-column elementor-col-33 elementor-inner-column elementor-element elementor-element-6fd6132\" data-id=\"6fd6132\" data-element_type=\"column\" data-e-type=\"column\">\n\t\t\t<div class=\"elementor-widget-wrap elementor-element-populated\">\n\t\t\t\t\t\t<div class=\"elementor-element elementor-element-5d42c7e elementor-position-top elementor-widget elementor-widget-image-box\" data-id=\"5d42c7e\" data-element_type=\"widget\" data-e-type=\"widget\" data-widget_type=\"image-box.default\">\n\t\t\t\t<div class=\"elementor-widget-container\">\n\t\t\t\t\t<div class=\"elementor-image-box-wrapper\"><figure class=\"elementor-image-box-img\"><a href=\"https:\/\/www.mekitec.com\/\" tabindex=\"-1\"><img loading=\"lazy\" decoding=\"async\" width=\"327\" height=\"306\" src=\"https:\/\/rehmex.mx\/wp-content\/uploads\/2023\/08\/m5.png\" class=\"elementor-animation-wobble-vertical attachment-full size-full wp-image-1532\" alt=\"\" srcset=\"https:\/\/rehmex.mx\/wp-content\/uploads\/2023\/08\/m5.png 327w, https:\/\/rehmex.mx\/wp-content\/uploads\/2023\/08\/m5-300x281.png 300w, https:\/\/rehmex.mx\/wp-content\/uploads\/2023\/08\/m5-13x12.png 13w\" sizes=\"(max-width: 327px) 100vw, 327px\" \/><\/a><\/figure><div class=\"elementor-image-box-content\"><h3 class=\"elementor-image-box-title\"><a href=\"https:\/\/www.mekitec.com\/\">Sistema de Inspecci\u00f3n de rayos X Sidemeki<\/a><\/h3><\/div><\/div>\t\t\t\t<\/div>\n\t\t\t\t<\/div>\n\t\t\t\t\t<\/div>\n\t\t<\/div>\n\t\t\t\t<div class=\"elementor-column elementor-col-33 elementor-inner-column elementor-element elementor-element-7c28388\" data-id=\"7c28388\" data-element_type=\"column\" data-e-type=\"column\">\n\t\t\t<div class=\"elementor-widget-wrap elementor-element-populated\">\n\t\t\t\t\t\t<div class=\"elementor-element elementor-element-455db81 elementor-position-top elementor-widget elementor-widget-image-box\" data-id=\"455db81\" data-element_type=\"widget\" data-e-type=\"widget\" data-widget_type=\"image-box.default\">\n\t\t\t\t<div class=\"elementor-widget-container\">\n\t\t\t\t\t<div class=\"elementor-image-box-wrapper\"><figure class=\"elementor-image-box-img\"><a href=\"https:\/\/www.mekitec.com\/\" tabindex=\"-1\"><img loading=\"lazy\" decoding=\"async\" width=\"378\" height=\"317\" src=\"https:\/\/rehmex.mx\/wp-content\/uploads\/2023\/08\/m6.png\" class=\"elementor-animation-wobble-vertical attachment-full size-full wp-image-1536\" alt=\"\" srcset=\"https:\/\/rehmex.mx\/wp-content\/uploads\/2023\/08\/m6.png 378w, https:\/\/rehmex.mx\/wp-content\/uploads\/2023\/08\/m6-300x252.png 300w, https:\/\/rehmex.mx\/wp-content\/uploads\/2023\/08\/m6-14x12.png 14w\" sizes=\"(max-width: 378px) 100vw, 378px\" \/><\/a><\/figure><div class=\"elementor-image-box-content\"><h3 class=\"elementor-image-box-title\"><a href=\"https:\/\/www.mekitec.com\/\">Sistema de Inspecci\u00f3n de rayos X de Mekitec<\/a><\/h3><\/div><\/div>\t\t\t\t<\/div>\n\t\t\t\t<\/div>\n\t\t\t\t\t<\/div>\n\t\t<\/div>\n\t\t\t\t\t<\/div>\n\t\t<\/section>\n\t\t\t\t\t<\/div>\n\t\t<\/div>\n\t\t\t\t<div class=\"elementor-column elementor-col-50 elementor-top-column elementor-element elementor-element-c614aaa\" data-id=\"c614aaa\" data-element_type=\"column\" data-e-type=\"column\">\n\t\t\t<div class=\"elementor-widget-wrap elementor-element-populated\">\n\t\t\t\t\t\t<div class=\"elementor-element elementor-element-196383e elementor-widget elementor-widget-text-editor\" data-id=\"196383e\" data-element_type=\"widget\" data-e-type=\"widget\" data-widget_type=\"text-editor.default\">\n\t\t\t\t<div class=\"elementor-widget-container\">\n\t\t\t\t\t\t\t\t\t<p>El grupo Mekitec se centra en el desarrollo y la fabricaci\u00f3n de sistemas de control de calidad innovadores para los fabricantes de alimentos. Estamos comprometidos a garantizar alimentos seguros al proporcionar sistemas de rayos X con el mejor valor en la industria.<\/p>\t\t\t\t\t\t\t\t<\/div>\n\t\t\t\t<\/div>\n\t\t\t\t<div class=\"elementor-element elementor-element-af1720f elementor-widget elementor-widget-heading\" data-id=\"af1720f\" data-element_type=\"widget\" data-e-type=\"widget\" data-widget_type=\"heading.default\">\n\t\t\t\t<div class=\"elementor-widget-container\">\n\t\t\t\t\t<h2 class=\"elementor-heading-title elementor-size-default\">Proveedor<\/h2>\t\t\t\t<\/div>\n\t\t\t\t<\/div>\n\t\t\t\t<div class=\"elementor-element elementor-element-bc46d55 elementor-view-stacked elementor-position-inline-start elementor-shape-circle elementor-mobile-position-block-start elementor-widget elementor-widget-icon-box\" data-id=\"bc46d55\" data-element_type=\"widget\" data-e-type=\"widget\" data-widget_type=\"icon-box.default\">\n\t\t\t\t<div class=\"elementor-widget-container\">\n\t\t\t\t\t\t\t<div class=\"elementor-icon-box-wrapper\">\n\n\t\t\t\t\t\t<div class=\"elementor-icon-box-icon\">\n\t\t\t\t<span  class=\"elementor-icon\">\n\t\t\t\t<i aria-hidden=\"true\" class=\"far fa-building\"><\/i>\t\t\t\t<\/span>\n\t\t\t<\/div>\n\t\t\t\n\t\t\t\t\t\t<div class=\"elementor-icon-box-content\">\n\n\t\t\t\t\t\t\t\t\t<h3 class=\"elementor-icon-box-title\">\n\t\t\t\t\t\t<span  >\n\t\t\t\t\t\t\tMekitec\t\t\t\t\t\t<\/span>\n\t\t\t\t\t<\/h3>\n\t\t\t\t\n\t\t\t\t\n\t\t\t<\/div>\n\t\t\t\n\t\t<\/div>\n\t\t\t\t\t\t<\/div>\n\t\t\t\t<\/div>\n\t\t\t\t<div class=\"elementor-element elementor-element-a17a8a8 elementor-widget elementor-widget-heading\" data-id=\"a17a8a8\" data-element_type=\"widget\" data-e-type=\"widget\" data-widget_type=\"heading.default\">\n\t\t\t\t<div class=\"elementor-widget-container\">\n\t\t\t\t\t<h2 class=\"elementor-heading-title elementor-size-default\">Website<\/h2>\t\t\t\t<\/div>\n\t\t\t\t<\/div>\n\t\t\t\t<div class=\"elementor-element elementor-element-7df6114 elementor-view-stacked elementor-position-inline-start elementor-shape-circle elementor-mobile-position-block-start elementor-widget elementor-widget-icon-box\" data-id=\"7df6114\" data-element_type=\"widget\" data-e-type=\"widget\" data-widget_type=\"icon-box.default\">\n\t\t\t\t<div class=\"elementor-widget-container\">\n\t\t\t\t\t\t\t<div class=\"elementor-icon-box-wrapper\">\n\n\t\t\t\t\t\t<div class=\"elementor-icon-box-icon\">\n\t\t\t\t<a href=\"https:\/\/www.mekitec.com\/\" class=\"elementor-icon\" tabindex=\"-1\" aria-label=\"Ver sitio web\">\n\t\t\t\t<i aria-hidden=\"true\" class=\"far fa-building\"><\/i>\t\t\t\t<\/a>\n\t\t\t<\/div>\n\t\t\t\n\t\t\t\t\t\t<div class=\"elementor-icon-box-content\">\n\n\t\t\t\t\t\t\t\t\t<h3 class=\"elementor-icon-box-title\">\n\t\t\t\t\t\t<a href=\"https:\/\/www.mekitec.com\/\" >\n\t\t\t\t\t\t\tVer sitio web\t\t\t\t\t\t<\/a>\n\t\t\t\t\t<\/h3>\n\t\t\t\t\n\t\t\t\t\n\t\t\t<\/div>\n\t\t\t\n\t\t<\/div>\n\t\t\t\t\t\t<\/div>\n\t\t\t\t<\/div>\n\t\t\t\t<div class=\"elementor-element elementor-element-954108d elementor-widget elementor-widget-heading\" data-id=\"954108d\" data-element_type=\"widget\" data-e-type=\"widget\" data-widget_type=\"heading.default\">\n\t\t\t\t<div class=\"elementor-widget-container\">\n\t\t\t\t\t<h2 class=\"elementor-heading-title elementor-size-default\">Website<\/h2>\t\t\t\t<\/div>\n\t\t\t\t<\/div>\n\t\t\t\t<div class=\"elementor-element elementor-element-2249b78 elementor-view-stacked elementor-position-inline-start elementor-shape-circle elementor-mobile-position-block-start elementor-widget elementor-widget-icon-box\" data-id=\"2249b78\" data-element_type=\"widget\" data-e-type=\"widget\" data-widget_type=\"icon-box.default\">\n\t\t\t\t<div class=\"elementor-widget-container\">\n\t\t\t\t\t\t\t<div class=\"elementor-icon-box-wrapper\">\n\n\t\t\t\t\t\t<div class=\"elementor-icon-box-icon\">\n\t\t\t\t<a href=\"https:\/\/www.mekitec.com\/es\/sistemas-de-inspeccion-por-rayos-x\/\" class=\"elementor-icon\" tabindex=\"-1\" aria-label=\"Ver cat\u00e1logo de productos\">\n\t\t\t\t<i aria-hidden=\"true\" class=\"far fa-building\"><\/i>\t\t\t\t<\/a>\n\t\t\t<\/div>\n\t\t\t\n\t\t\t\t\t\t<div class=\"elementor-icon-box-content\">\n\n\t\t\t\t\t\t\t\t\t<h3 class=\"elementor-icon-box-title\">\n\t\t\t\t\t\t<a href=\"https:\/\/www.mekitec.com\/es\/sistemas-de-inspeccion-por-rayos-x\/\" >\n\t\t\t\t\t\t\tVer cat\u00e1logo de productos\t\t\t\t\t\t<\/a>\n\t\t\t\t\t<\/h3>\n\t\t\t\t\n\t\t\t\t\n\t\t\t<\/div>\n\t\t\t\n\t\t<\/div>\n\t\t\t\t\t\t<\/div>\n\t\t\t\t<\/div>\n\t\t\t\t<div class=\"elementor-element elementor-element-61bdc3a elementor-widget elementor-widget-heading\" data-id=\"61bdc3a\" data-element_type=\"widget\" data-e-type=\"widget\" data-widget_type=\"heading.default\">\n\t\t\t\t<div class=\"elementor-widget-container\">\n\t\t\t\t\t<h2 class=\"elementor-heading-title elementor-size-default\">Se especializa en<\/h2>\t\t\t\t<\/div>\n\t\t\t\t<\/div>\n\t\t\t\t<div class=\"elementor-element elementor-element-e0579a0 elementor-view-stacked elementor-position-inline-start elementor-shape-circle elementor-mobile-position-block-start elementor-widget elementor-widget-icon-box\" data-id=\"e0579a0\" data-element_type=\"widget\" data-e-type=\"widget\" data-widget_type=\"icon-box.default\">\n\t\t\t\t<div class=\"elementor-widget-container\">\n\t\t\t\t\t\t\t<div class=\"elementor-icon-box-wrapper\">\n\n\t\t\t\t\t\t<div class=\"elementor-icon-box-icon\">\n\t\t\t\t<span  class=\"elementor-icon\">\n\t\t\t\t<i aria-hidden=\"true\" class=\"far fa-building\"><\/i>\t\t\t\t<\/span>\n\t\t\t<\/div>\n\t\t\t\n\t\t\t\t\t\t<div class=\"elementor-icon-box-content\">\n\n\t\t\t\t\t\t\t\t\t<h3 class=\"elementor-icon-box-title\">\n\t\t\t\t\t\t<span  >\n\t\t\t\t\t\t\tSistemas de rayos X\t\t\t\t\t\t<\/span>\n\t\t\t\t\t<\/h3>\n\t\t\t\t\n\t\t\t\t\n\t\t\t<\/div>\n\t\t\t\n\t\t<\/div>\n\t\t\t\t\t\t<\/div>\n\t\t\t\t<\/div>\n\t\t\t\t\t<\/div>\n\t\t<\/div>\n\t\t\t\t\t<\/div>\n\t\t<\/section>\n\t\t\t\t<\/div>","protected":false},"excerpt":{"rendered":"<p>Sistema de Inspecci\u00f3n de rayos X de Meki Sistema de inspecci\u00f3n de rayos X Midmeki Sistema de inspecci\u00f3n de rayos X Meki C Sistema de Inspecci\u00f3n de rayos X de Meki One Sistema de Inspecci\u00f3n de rayos X Sidemeki Sistema de Inspecci\u00f3n de rayos X de Mekitec El grupo Mekitec se centra en el desarrollo [&hellip;]<\/p>\n","protected":false},"author":1,"featured_media":0,"parent":0,"menu_order":0,"comment_status":"closed","ping_status":"closed","template":"","meta":{"_acf_changed":false,"footnotes":""},"class_list":["post-1493","page","type-page","status-publish","hentry"],"acf":[],"_links":{"self":[{"href":"https:\/\/rehmex.mx\/en\/wp-json\/wp\/v2\/pages\/1493"}],"collection":[{"href":"https:\/\/rehmex.mx\/en\/wp-json\/wp\/v2\/pages"}],"about":[{"href":"https:\/\/rehmex.mx\/en\/wp-json\/wp\/v2\/types\/page"}],"author":[{"embeddable":true,"href":"https:\/\/rehmex.mx\/en\/wp-json\/wp\/v2\/users\/1"}],"replies":[{"embeddable":true,"href":"https:\/\/rehmex.mx\/en\/wp-json\/wp\/v2\/comments?post=1493"}],"version-history":[{"count":19,"href":"https:\/\/rehmex.mx\/en\/wp-json\/wp\/v2\/pages\/1493\/revisions"}],"predecessor-version":[{"id":1539,"href":"https:\/\/rehmex.mx\/en\/wp-json\/wp\/v2\/pages\/1493\/revisions\/1539"}],"wp:attachment":[{"href":"https:\/\/rehmex.mx\/en\/wp-json\/wp\/v2\/media?parent=1493"}],"curies":[{"name":"wp","href":"https:\/\/api.w.org\/{rel}","templated":true}]}}