{"id":1543,"date":"2023-08-14T01:19:28","date_gmt":"2023-08-14T07:19:28","guid":{"rendered":"https:\/\/rehmex.mx\/?page_id=1543"},"modified":"2023-11-22T02:42:06","modified_gmt":"2023-11-22T08:42:06","slug":"new-era-machine","status":"publish","type":"page","link":"https:\/\/rehmex.mx\/en\/new-era-machine\/","title":{"rendered":"New Era Machine"},"content":{"rendered":"<div data-elementor-type=\"wp-page\" data-elementor-id=\"1543\" class=\"elementor elementor-1543\">\n\t\t\t\t\t\t<section class=\"elementor-section elementor-top-section elementor-element elementor-element-d932bd0 elementor-section-boxed elementor-section-height-default elementor-section-height-default\" data-id=\"d932bd0\" data-element_type=\"section\" data-e-type=\"section\">\n\t\t\t\t\t\t<div class=\"elementor-container elementor-column-gap-default\">\n\t\t\t\t\t<div class=\"elementor-column elementor-col-100 elementor-top-column elementor-element elementor-element-219c8f8\" data-id=\"219c8f8\" data-element_type=\"column\" data-e-type=\"column\">\n\t\t\t<div class=\"elementor-widget-wrap elementor-element-populated\">\n\t\t\t\t\t\t<div class=\"elementor-element elementor-element-4ac77a0 elementor-widget elementor-widget-image\" data-id=\"4ac77a0\" data-element_type=\"widget\" data-e-type=\"widget\" data-widget_type=\"image.default\">\n\t\t\t\t<div class=\"elementor-widget-container\">\n\t\t\t\t\t\t\t\t\t\t\t\t\t\t\t<img fetchpriority=\"high\" decoding=\"async\" width=\"300\" height=\"180\" src=\"https:\/\/rehmex.mx\/wp-content\/uploads\/2023\/08\/1491828143_fdda739d7399c9b74fb3dc1117d13223-300x180.jpg\" class=\"attachment-medium size-medium wp-image-1545\" alt=\"\" srcset=\"https:\/\/rehmex.mx\/wp-content\/uploads\/2023\/08\/1491828143_fdda739d7399c9b74fb3dc1117d13223-300x180.jpg 300w, https:\/\/rehmex.mx\/wp-content\/uploads\/2023\/08\/1491828143_fdda739d7399c9b74fb3dc1117d13223-18x12.jpg 18w, https:\/\/rehmex.mx\/wp-content\/uploads\/2023\/08\/1491828143_fdda739d7399c9b74fb3dc1117d13223.jpg 320w\" sizes=\"(max-width: 300px) 100vw, 300px\" \/>\t\t\t\t\t\t\t\t\t\t\t\t\t\t\t<\/div>\n\t\t\t\t<\/div>\n\t\t\t\t<div class=\"elementor-element elementor-element-0c7520d elementor-widget elementor-widget-image\" data-id=\"0c7520d\" data-element_type=\"widget\" data-e-type=\"widget\" data-widget_type=\"image.default\">\n\t\t\t\t<div class=\"elementor-widget-container\">\n\t\t\t\t\t\t\t\t\t\t\t\t\t\t\t<img decoding=\"async\" width=\"640\" height=\"294\" src=\"https:\/\/rehmex.mx\/wp-content\/uploads\/2023\/08\/neweramachines.jpg\" class=\"attachment-large size-large wp-image-1546\" alt=\"\" srcset=\"https:\/\/rehmex.mx\/wp-content\/uploads\/2023\/08\/neweramachines.jpg 980w, https:\/\/rehmex.mx\/wp-content\/uploads\/2023\/08\/neweramachines-300x138.jpg 300w, https:\/\/rehmex.mx\/wp-content\/uploads\/2023\/08\/neweramachines-768x353.jpg 768w, https:\/\/rehmex.mx\/wp-content\/uploads\/2023\/08\/neweramachines-18x8.jpg 18w\" sizes=\"(max-width: 640px) 100vw, 640px\" \/>\t\t\t\t\t\t\t\t\t\t\t\t\t\t\t<\/div>\n\t\t\t\t<\/div>\n\t\t\t\t\t<\/div>\n\t\t<\/div>\n\t\t\t\t\t<\/div>\n\t\t<\/section>\n\t\t\t\t<section class=\"elementor-section elementor-top-section elementor-element elementor-element-bd79225 elementor-section-boxed elementor-section-height-default elementor-section-height-default\" data-id=\"bd79225\" data-element_type=\"section\" data-e-type=\"section\">\n\t\t\t\t\t\t<div class=\"elementor-container elementor-column-gap-default\">\n\t\t\t\t\t<div class=\"elementor-column elementor-col-50 elementor-top-column elementor-element elementor-element-e832bd8\" data-id=\"e832bd8\" data-element_type=\"column\" data-e-type=\"column\">\n\t\t\t<div class=\"elementor-widget-wrap elementor-element-populated\">\n\t\t\t\t\t\t<section class=\"elementor-section elementor-inner-section elementor-element elementor-element-b31cc5e elementor-section-boxed elementor-section-height-default elementor-section-height-default\" data-id=\"b31cc5e\" data-element_type=\"section\" data-e-type=\"section\">\n\t\t\t\t\t\t<div class=\"elementor-container elementor-column-gap-default\">\n\t\t\t\t\t<div class=\"elementor-column elementor-col-50 elementor-inner-column elementor-element elementor-element-965d6f3\" data-id=\"965d6f3\" data-element_type=\"column\" data-e-type=\"column\">\n\t\t\t<div class=\"elementor-widget-wrap elementor-element-populated\">\n\t\t\t\t\t\t<div class=\"elementor-element elementor-element-8b38f87 elementor-position-top elementor-widget elementor-widget-image-box\" data-id=\"8b38f87\" data-element_type=\"widget\" data-e-type=\"widget\" data-widget_type=\"image-box.default\">\n\t\t\t\t<div class=\"elementor-widget-container\">\n\t\t\t\t\t<div class=\"elementor-image-box-wrapper\"><figure class=\"elementor-image-box-img\"><a href=\"http:\/\/biscuitmachinesindia.com\/\" tabindex=\"-1\"><img decoding=\"async\" width=\"800\" height=\"425\" src=\"https:\/\/rehmex.mx\/wp-content\/uploads\/2023\/08\/new-era-machines-1.png\" class=\"elementor-animation-wobble-vertical attachment-full size-full wp-image-1550\" alt=\"\" srcset=\"https:\/\/rehmex.mx\/wp-content\/uploads\/2023\/08\/new-era-machines-1.png 800w, https:\/\/rehmex.mx\/wp-content\/uploads\/2023\/08\/new-era-machines-1-300x159.png 300w, https:\/\/rehmex.mx\/wp-content\/uploads\/2023\/08\/new-era-machines-1-768x408.png 768w, https:\/\/rehmex.mx\/wp-content\/uploads\/2023\/08\/new-era-machines-1-18x10.png 18w\" sizes=\"(max-width: 800px) 100vw, 800px\" \/><\/a><\/figure><div class=\"elementor-image-box-content\"><h3 class=\"elementor-image-box-title\"><a href=\"http:\/\/biscuitmachinesindia.com\/\">Horno de fuego a gas directo<\/a><\/h3><\/div><\/div>\t\t\t\t<\/div>\n\t\t\t\t<\/div>\n\t\t\t\t\t<\/div>\n\t\t<\/div>\n\t\t\t\t<div class=\"elementor-column elementor-col-50 elementor-inner-column elementor-element elementor-element-e333b61\" data-id=\"e333b61\" data-element_type=\"column\" data-e-type=\"column\">\n\t\t\t<div class=\"elementor-widget-wrap elementor-element-populated\">\n\t\t\t\t\t\t<div class=\"elementor-element elementor-element-a629dc2 elementor-position-top elementor-widget elementor-widget-image-box\" data-id=\"a629dc2\" data-element_type=\"widget\" data-e-type=\"widget\" data-widget_type=\"image-box.default\">\n\t\t\t\t<div class=\"elementor-widget-container\">\n\t\t\t\t\t<div class=\"elementor-image-box-wrapper\"><figure class=\"elementor-image-box-img\"><a href=\"http:\/\/biscuitmachinesindia.com\/\" tabindex=\"-1\"><img loading=\"lazy\" decoding=\"async\" width=\"800\" height=\"628\" src=\"https:\/\/rehmex.mx\/wp-content\/uploads\/2023\/08\/NEW-ERA-2.png\" class=\"elementor-animation-wobble-vertical attachment-full size-full wp-image-1551\" alt=\"\" srcset=\"https:\/\/rehmex.mx\/wp-content\/uploads\/2023\/08\/NEW-ERA-2.png 800w, https:\/\/rehmex.mx\/wp-content\/uploads\/2023\/08\/NEW-ERA-2-300x236.png 300w, https:\/\/rehmex.mx\/wp-content\/uploads\/2023\/08\/NEW-ERA-2-768x603.png 768w, https:\/\/rehmex.mx\/wp-content\/uploads\/2023\/08\/NEW-ERA-2-15x12.png 15w\" sizes=\"(max-width: 800px) 100vw, 800px\" \/><\/a><\/figure><div class=\"elementor-image-box-content\"><h3 class=\"elementor-image-box-title\"><a href=\"http:\/\/biscuitmachinesindia.com\/\">GRM 300<\/a><\/h3><\/div><\/div>\t\t\t\t<\/div>\n\t\t\t\t<\/div>\n\t\t\t\t\t<\/div>\n\t\t<\/div>\n\t\t\t\t\t<\/div>\n\t\t<\/section>\n\t\t\t\t<section class=\"elementor-section elementor-inner-section elementor-element elementor-element-294e420 elementor-section-boxed elementor-section-height-default elementor-section-height-default\" data-id=\"294e420\" data-element_type=\"section\" data-e-type=\"section\">\n\t\t\t\t\t\t<div class=\"elementor-container elementor-column-gap-default\">\n\t\t\t\t\t<div class=\"elementor-column elementor-col-50 elementor-inner-column elementor-element elementor-element-3aa3e56\" data-id=\"3aa3e56\" data-element_type=\"column\" data-e-type=\"column\">\n\t\t\t<div class=\"elementor-widget-wrap elementor-element-populated\">\n\t\t\t\t\t\t<div class=\"elementor-element elementor-element-c5019ba elementor-position-top elementor-widget elementor-widget-image-box\" data-id=\"c5019ba\" data-element_type=\"widget\" data-e-type=\"widget\" data-widget_type=\"image-box.default\">\n\t\t\t\t<div class=\"elementor-widget-container\">\n\t\t\t\t\t<div class=\"elementor-image-box-wrapper\"><figure class=\"elementor-image-box-img\"><a href=\"http:\/\/biscuitmachinesindia.com\/\" tabindex=\"-1\"><img loading=\"lazy\" decoding=\"async\" width=\"800\" height=\"628\" src=\"https:\/\/rehmex.mx\/wp-content\/uploads\/2023\/08\/NEW-ERA-2.png\" class=\"elementor-animation-wobble-vertical attachment-full size-full wp-image-1551\" alt=\"\" srcset=\"https:\/\/rehmex.mx\/wp-content\/uploads\/2023\/08\/NEW-ERA-2.png 800w, https:\/\/rehmex.mx\/wp-content\/uploads\/2023\/08\/NEW-ERA-2-300x236.png 300w, https:\/\/rehmex.mx\/wp-content\/uploads\/2023\/08\/NEW-ERA-2-768x603.png 768w, https:\/\/rehmex.mx\/wp-content\/uploads\/2023\/08\/NEW-ERA-2-15x12.png 15w\" sizes=\"(max-width: 800px) 100vw, 800px\" \/><\/a><\/figure><div class=\"elementor-image-box-content\"><h3 class=\"elementor-image-box-title\"><a href=\"http:\/\/biscuitmachinesindia.com\/\">Roll Sheeter<\/a><\/h3><\/div><\/div>\t\t\t\t<\/div>\n\t\t\t\t<\/div>\n\t\t\t\t\t<\/div>\n\t\t<\/div>\n\t\t\t\t<div class=\"elementor-column elementor-col-50 elementor-inner-column elementor-element elementor-element-6fd6132\" data-id=\"6fd6132\" data-element_type=\"column\" data-e-type=\"column\">\n\t\t\t<div class=\"elementor-widget-wrap\">\n\t\t\t\t\t\t\t<\/div>\n\t\t<\/div>\n\t\t\t\t\t<\/div>\n\t\t<\/section>\n\t\t\t\t\t<\/div>\n\t\t<\/div>\n\t\t\t\t<div class=\"elementor-column elementor-col-50 elementor-top-column elementor-element elementor-element-c614aaa\" data-id=\"c614aaa\" data-element_type=\"column\" data-e-type=\"column\">\n\t\t\t<div class=\"elementor-widget-wrap elementor-element-populated\">\n\t\t\t\t\t\t<div class=\"elementor-element elementor-element-196383e elementor-widget elementor-widget-text-editor\" data-id=\"196383e\" data-element_type=\"widget\" data-e-type=\"widget\" data-widget_type=\"text-editor.default\">\n\t\t\t\t<div class=\"elementor-widget-container\">\n\t\t\t\t\t\t\t\t\t<p>NEW ERA INDUSTRIES se incorpor\u00f3 en el a\u00f1o 1956 con la visi\u00f3n de ser un l\u00edder mundial en el campo de las maquinaria de fabricaci\u00f3n de galletas. Desde una humilde m\u00e1quina de fabricaci\u00f3n de herramientas de inicio, la compa\u00f1\u00eda ahora se ha convertido en un jugador de clase mundial en el campo de la maquinaria de fabricaci\u00f3n de galletas. La infraestructura en expansi\u00f3n de la compa\u00f1\u00eda se encuentra a 300 km al norte de Nueva Delhi, la capital de la India.<\/p>\t\t\t\t\t\t\t\t<\/div>\n\t\t\t\t<\/div>\n\t\t\t\t<div class=\"elementor-element elementor-element-af1720f elementor-widget elementor-widget-heading\" data-id=\"af1720f\" data-element_type=\"widget\" data-e-type=\"widget\" data-widget_type=\"heading.default\">\n\t\t\t\t<div class=\"elementor-widget-container\">\n\t\t\t\t\t<h2 class=\"elementor-heading-title elementor-size-default\">Proveedor<\/h2>\t\t\t\t<\/div>\n\t\t\t\t<\/div>\n\t\t\t\t<div class=\"elementor-element elementor-element-bc46d55 elementor-view-stacked elementor-position-inline-start elementor-shape-circle elementor-mobile-position-block-start elementor-widget elementor-widget-icon-box\" data-id=\"bc46d55\" data-element_type=\"widget\" data-e-type=\"widget\" data-widget_type=\"icon-box.default\">\n\t\t\t\t<div class=\"elementor-widget-container\">\n\t\t\t\t\t\t\t<div class=\"elementor-icon-box-wrapper\">\n\n\t\t\t\t\t\t<div class=\"elementor-icon-box-icon\">\n\t\t\t\t<span  class=\"elementor-icon\">\n\t\t\t\t<i aria-hidden=\"true\" class=\"far fa-building\"><\/i>\t\t\t\t<\/span>\n\t\t\t<\/div>\n\t\t\t\n\t\t\t\t\t\t<div class=\"elementor-icon-box-content\">\n\n\t\t\t\t\t\t\t\t\t<h3 class=\"elementor-icon-box-title\">\n\t\t\t\t\t\t<span  >\n\t\t\t\t\t\t\tNew Era Machines\t\t\t\t\t\t<\/span>\n\t\t\t\t\t<\/h3>\n\t\t\t\t\n\t\t\t\t\n\t\t\t<\/div>\n\t\t\t\n\t\t<\/div>\n\t\t\t\t\t\t<\/div>\n\t\t\t\t<\/div>\n\t\t\t\t<div class=\"elementor-element elementor-element-a17a8a8 elementor-widget elementor-widget-heading\" data-id=\"a17a8a8\" data-element_type=\"widget\" data-e-type=\"widget\" data-widget_type=\"heading.default\">\n\t\t\t\t<div class=\"elementor-widget-container\">\n\t\t\t\t\t<h2 class=\"elementor-heading-title elementor-size-default\">Website<\/h2>\t\t\t\t<\/div>\n\t\t\t\t<\/div>\n\t\t\t\t<div class=\"elementor-element elementor-element-7df6114 elementor-view-stacked elementor-position-inline-start elementor-shape-circle elementor-mobile-position-block-start elementor-widget elementor-widget-icon-box\" data-id=\"7df6114\" data-element_type=\"widget\" data-e-type=\"widget\" data-widget_type=\"icon-box.default\">\n\t\t\t\t<div class=\"elementor-widget-container\">\n\t\t\t\t\t\t\t<div class=\"elementor-icon-box-wrapper\">\n\n\t\t\t\t\t\t<div class=\"elementor-icon-box-icon\">\n\t\t\t\t<a href=\"https:\/\/www.neweramachines.com\/\" class=\"elementor-icon\" tabindex=\"-1\" aria-label=\"Ver sitio web\">\n\t\t\t\t<i aria-hidden=\"true\" class=\"far fa-building\"><\/i>\t\t\t\t<\/a>\n\t\t\t<\/div>\n\t\t\t\n\t\t\t\t\t\t<div class=\"elementor-icon-box-content\">\n\n\t\t\t\t\t\t\t\t\t<h3 class=\"elementor-icon-box-title\">\n\t\t\t\t\t\t<a href=\"https:\/\/www.neweramachines.com\/\" >\n\t\t\t\t\t\t\tVer sitio web\t\t\t\t\t\t<\/a>\n\t\t\t\t\t<\/h3>\n\t\t\t\t\n\t\t\t\t\n\t\t\t<\/div>\n\t\t\t\n\t\t<\/div>\n\t\t\t\t\t\t<\/div>\n\t\t\t\t<\/div>\n\t\t\t\t<div class=\"elementor-element elementor-element-954108d elementor-widget elementor-widget-heading\" data-id=\"954108d\" data-element_type=\"widget\" data-e-type=\"widget\" data-widget_type=\"heading.default\">\n\t\t\t\t<div class=\"elementor-widget-container\">\n\t\t\t\t\t<h2 class=\"elementor-heading-title elementor-size-default\">Website<\/h2>\t\t\t\t<\/div>\n\t\t\t\t<\/div>\n\t\t\t\t<div class=\"elementor-element elementor-element-2249b78 elementor-view-stacked elementor-position-inline-start elementor-shape-circle elementor-mobile-position-block-start elementor-widget elementor-widget-icon-box\" data-id=\"2249b78\" data-element_type=\"widget\" data-e-type=\"widget\" data-widget_type=\"icon-box.default\">\n\t\t\t\t<div class=\"elementor-widget-container\">\n\t\t\t\t\t\t\t<div class=\"elementor-icon-box-wrapper\">\n\n\t\t\t\t\t\t<div class=\"elementor-icon-box-icon\">\n\t\t\t\t<a href=\"https:\/\/www.neweramachines.com\/production-lines\/\" class=\"elementor-icon\" tabindex=\"-1\" aria-label=\"Ver cat\u00e1logo de productos\">\n\t\t\t\t<i aria-hidden=\"true\" class=\"far fa-building\"><\/i>\t\t\t\t<\/a>\n\t\t\t<\/div>\n\t\t\t\n\t\t\t\t\t\t<div class=\"elementor-icon-box-content\">\n\n\t\t\t\t\t\t\t\t\t<h3 class=\"elementor-icon-box-title\">\n\t\t\t\t\t\t<a href=\"https:\/\/www.neweramachines.com\/production-lines\/\" >\n\t\t\t\t\t\t\tVer cat\u00e1logo de productos\t\t\t\t\t\t<\/a>\n\t\t\t\t\t<\/h3>\n\t\t\t\t\n\t\t\t\t\n\t\t\t<\/div>\n\t\t\t\n\t\t<\/div>\n\t\t\t\t\t\t<\/div>\n\t\t\t\t<\/div>\n\t\t\t\t<div class=\"elementor-element elementor-element-61bdc3a elementor-widget elementor-widget-heading\" data-id=\"61bdc3a\" data-element_type=\"widget\" data-e-type=\"widget\" data-widget_type=\"heading.default\">\n\t\t\t\t<div class=\"elementor-widget-container\">\n\t\t\t\t\t<h2 class=\"elementor-heading-title elementor-size-default\">Se especializa en<\/h2>\t\t\t\t<\/div>\n\t\t\t\t<\/div>\n\t\t\t\t<div class=\"elementor-element elementor-element-e0579a0 elementor-view-stacked elementor-position-inline-start elementor-shape-circle elementor-mobile-position-block-start elementor-widget elementor-widget-icon-box\" data-id=\"e0579a0\" data-element_type=\"widget\" data-e-type=\"widget\" data-widget_type=\"icon-box.default\">\n\t\t\t\t<div class=\"elementor-widget-container\">\n\t\t\t\t\t\t\t<div class=\"elementor-icon-box-wrapper\">\n\n\t\t\t\t\t\t<div class=\"elementor-icon-box-icon\">\n\t\t\t\t<span  class=\"elementor-icon\">\n\t\t\t\t<i aria-hidden=\"true\" class=\"far fa-building\"><\/i>\t\t\t\t<\/span>\n\t\t\t<\/div>\n\t\t\t\n\t\t\t\t\t\t<div class=\"elementor-icon-box-content\">\n\n\t\t\t\t\t\t\t\t\t<h3 class=\"elementor-icon-box-title\">\n\t\t\t\t\t\t<span  >\n\t\t\t\t\t\t\tMaquinaria de fabricaci\u00f3n de galletas\t\t\t\t\t\t<\/span>\n\t\t\t\t\t<\/h3>\n\t\t\t\t\n\t\t\t\t\n\t\t\t<\/div>\n\t\t\t\n\t\t<\/div>\n\t\t\t\t\t\t<\/div>\n\t\t\t\t<\/div>\n\t\t\t\t\t<\/div>\n\t\t<\/div>\n\t\t\t\t\t<\/div>\n\t\t<\/section>\n\t\t\t\t<\/div>","protected":false},"excerpt":{"rendered":"<p>Horno de fuego a gas directo GRM 300 Roll Sheeter NEW ERA INDUSTRIES se incorpor\u00f3 en el a\u00f1o 1956 con la visi\u00f3n de ser un l\u00edder mundial en el campo de las maquinaria de fabricaci\u00f3n de galletas. Desde una humilde m\u00e1quina de fabricaci\u00f3n de herramientas de inicio, la compa\u00f1\u00eda ahora se ha convertido en un [&hellip;]<\/p>\n","protected":false},"author":1,"featured_media":0,"parent":0,"menu_order":0,"comment_status":"closed","ping_status":"closed","template":"","meta":{"_acf_changed":false,"footnotes":""},"class_list":["post-1543","page","type-page","status-publish","hentry"],"acf":[],"_links":{"self":[{"href":"https:\/\/rehmex.mx\/en\/wp-json\/wp\/v2\/pages\/1543"}],"collection":[{"href":"https:\/\/rehmex.mx\/en\/wp-json\/wp\/v2\/pages"}],"about":[{"href":"https:\/\/rehmex.mx\/en\/wp-json\/wp\/v2\/types\/page"}],"author":[{"embeddable":true,"href":"https:\/\/rehmex.mx\/en\/wp-json\/wp\/v2\/users\/1"}],"replies":[{"embeddable":true,"href":"https:\/\/rehmex.mx\/en\/wp-json\/wp\/v2\/comments?post=1543"}],"version-history":[{"count":13,"href":"https:\/\/rehmex.mx\/en\/wp-json\/wp\/v2\/pages\/1543\/revisions"}],"predecessor-version":[{"id":12067,"href":"https:\/\/rehmex.mx\/en\/wp-json\/wp\/v2\/pages\/1543\/revisions\/12067"}],"wp:attachment":[{"href":"https:\/\/rehmex.mx\/en\/wp-json\/wp\/v2\/media?parent=1543"}],"curies":[{"name":"wp","href":"https:\/\/api.w.org\/{rel}","templated":true}]}}