{"id":1641,"date":"2023-08-14T02:48:27","date_gmt":"2023-08-14T08:48:27","guid":{"rendered":"https:\/\/rehmex.mx\/?page_id=1641"},"modified":"2023-11-22T03:10:13","modified_gmt":"2023-11-22T09:10:13","slug":"polysto","status":"publish","type":"page","link":"https:\/\/rehmex.mx\/en\/polysto\/","title":{"rendered":"Polysto"},"content":{"rendered":"<div data-elementor-type=\"wp-page\" data-elementor-id=\"1641\" class=\"elementor elementor-1641\">\n\t\t\t\t\t\t<section class=\"elementor-section elementor-top-section elementor-element elementor-element-d932bd0 elementor-section-boxed elementor-section-height-default elementor-section-height-default\" data-id=\"d932bd0\" data-element_type=\"section\" data-e-type=\"section\">\n\t\t\t\t\t\t<div class=\"elementor-container elementor-column-gap-default\">\n\t\t\t\t\t<div class=\"elementor-column elementor-col-100 elementor-top-column elementor-element elementor-element-219c8f8\" data-id=\"219c8f8\" data-element_type=\"column\" data-e-type=\"column\">\n\t\t\t<div class=\"elementor-widget-wrap elementor-element-populated\">\n\t\t\t\t\t\t<div class=\"elementor-element elementor-element-4ac77a0 elementor-widget elementor-widget-image\" data-id=\"4ac77a0\" data-element_type=\"widget\" data-e-type=\"widget\" data-widget_type=\"image.default\">\n\t\t\t\t<div class=\"elementor-widget-container\">\n\t\t\t\t\t\t\t\t\t\t\t\t\t\t\t<img decoding=\"async\" width=\"300\" height=\"127\" src=\"https:\/\/rehmex.mx\/wp-content\/uploads\/2023\/08\/polysto-anuga-300x127.jpg\" class=\"attachment-medium size-medium wp-image-1642\" alt=\"\" srcset=\"https:\/\/rehmex.mx\/wp-content\/uploads\/2023\/08\/polysto-anuga-300x127.jpg 300w, https:\/\/rehmex.mx\/wp-content\/uploads\/2023\/08\/polysto-anuga-1024x434.jpg 1024w, https:\/\/rehmex.mx\/wp-content\/uploads\/2023\/08\/polysto-anuga-768x325.jpg 768w, https:\/\/rehmex.mx\/wp-content\/uploads\/2023\/08\/polysto-anuga-18x8.jpg 18w, https:\/\/rehmex.mx\/wp-content\/uploads\/2023\/08\/polysto-anuga-1000x423.jpg 1000w, https:\/\/rehmex.mx\/wp-content\/uploads\/2023\/08\/polysto-anuga-1200x511.jpg 1200w, https:\/\/rehmex.mx\/wp-content\/uploads\/2023\/08\/polysto-anuga.jpg 1207w\" sizes=\"(max-width: 300px) 100vw, 300px\" \/>\t\t\t\t\t\t\t\t\t\t\t\t\t\t\t<\/div>\n\t\t\t\t<\/div>\n\t\t\t\t<div class=\"elementor-element elementor-element-0c7520d elementor-widget elementor-widget-image\" data-id=\"0c7520d\" data-element_type=\"widget\" data-e-type=\"widget\" data-widget_type=\"image.default\">\n\t\t\t\t<div class=\"elementor-widget-container\">\n\t\t\t\t\t\t\t\t\t\t\t\t\t\t\t<img fetchpriority=\"high\" decoding=\"async\" width=\"960\" height=\"529\" src=\"https:\/\/rehmex.mx\/wp-content\/uploads\/2023\/08\/mktc.jpeg\" class=\"attachment-full size-full wp-image-1513\" alt=\"\" srcset=\"https:\/\/rehmex.mx\/wp-content\/uploads\/2023\/08\/mktc.jpeg 960w, https:\/\/rehmex.mx\/wp-content\/uploads\/2023\/08\/mktc-300x165.jpeg 300w, https:\/\/rehmex.mx\/wp-content\/uploads\/2023\/08\/mktc-768x423.jpeg 768w, https:\/\/rehmex.mx\/wp-content\/uploads\/2023\/08\/mktc-18x10.jpeg 18w\" sizes=\"(max-width: 960px) 100vw, 960px\" \/>\t\t\t\t\t\t\t\t\t\t\t\t\t\t\t<\/div>\n\t\t\t\t<\/div>\n\t\t\t\t\t<\/div>\n\t\t<\/div>\n\t\t\t\t\t<\/div>\n\t\t<\/section>\n\t\t\t\t<section class=\"elementor-section elementor-top-section elementor-element elementor-element-bd79225 elementor-section-boxed elementor-section-height-default elementor-section-height-default\" data-id=\"bd79225\" data-element_type=\"section\" data-e-type=\"section\">\n\t\t\t\t\t\t<div class=\"elementor-container elementor-column-gap-default\">\n\t\t\t\t\t<div class=\"elementor-column elementor-col-50 elementor-top-column elementor-element elementor-element-e832bd8\" data-id=\"e832bd8\" data-element_type=\"column\" data-e-type=\"column\">\n\t\t\t<div class=\"elementor-widget-wrap elementor-element-populated\">\n\t\t\t\t\t\t<section class=\"elementor-section elementor-inner-section elementor-element elementor-element-b31cc5e elementor-section-boxed elementor-section-height-default elementor-section-height-default\" data-id=\"b31cc5e\" data-element_type=\"section\" data-e-type=\"section\">\n\t\t\t\t\t\t<div class=\"elementor-container elementor-column-gap-default\">\n\t\t\t\t\t<div class=\"elementor-column elementor-col-50 elementor-inner-column elementor-element elementor-element-965d6f3\" data-id=\"965d6f3\" data-element_type=\"column\" data-e-type=\"column\">\n\t\t\t<div class=\"elementor-widget-wrap elementor-element-populated\">\n\t\t\t\t\t\t<div class=\"elementor-element elementor-element-8b38f87 elementor-position-top elementor-widget elementor-widget-image-box\" data-id=\"8b38f87\" data-element_type=\"widget\" data-e-type=\"widget\" data-widget_type=\"image-box.default\">\n\t\t\t\t<div class=\"elementor-widget-container\">\n\t\t\t\t\t<div class=\"elementor-image-box-wrapper\"><figure class=\"elementor-image-box-img\"><a href=\"http:\/\/www.polysto.com\/\" tabindex=\"-1\"><img decoding=\"async\" width=\"600\" height=\"375\" src=\"https:\/\/rehmex.mx\/wp-content\/uploads\/2023\/08\/3-HYGIENIC.jpg\" class=\"elementor-animation-wobble-vertical attachment-full size-full wp-image-1647\" alt=\"\" srcset=\"https:\/\/rehmex.mx\/wp-content\/uploads\/2023\/08\/3-HYGIENIC.jpg 600w, https:\/\/rehmex.mx\/wp-content\/uploads\/2023\/08\/3-HYGIENIC-300x188.jpg 300w, https:\/\/rehmex.mx\/wp-content\/uploads\/2023\/08\/3-HYGIENIC-18x12.jpg 18w\" sizes=\"(max-width: 600px) 100vw, 600px\" \/><\/a><\/figure><div class=\"elementor-image-box-content\"><h3 class=\"elementor-image-box-title\"><a href=\"http:\/\/www.polysto.com\/\">Hoja FPR<\/a><\/h3><\/div><\/div>\t\t\t\t<\/div>\n\t\t\t\t<\/div>\n\t\t\t\t\t<\/div>\n\t\t<\/div>\n\t\t\t\t<div class=\"elementor-column elementor-col-50 elementor-inner-column elementor-element elementor-element-e333b61\" data-id=\"e333b61\" data-element_type=\"column\" data-e-type=\"column\">\n\t\t\t<div class=\"elementor-widget-wrap elementor-element-populated\">\n\t\t\t\t\t\t<div class=\"elementor-element elementor-element-a629dc2 elementor-position-top elementor-widget elementor-widget-image-box\" data-id=\"a629dc2\" data-element_type=\"widget\" data-e-type=\"widget\" data-widget_type=\"image-box.default\">\n\t\t\t\t<div class=\"elementor-widget-container\">\n\t\t\t\t\t<div class=\"elementor-image-box-wrapper\"><figure class=\"elementor-image-box-img\"><a href=\"http:\/\/www.polysto.com\/\" tabindex=\"-1\"><img loading=\"lazy\" decoding=\"async\" width=\"600\" height=\"375\" src=\"https:\/\/rehmex.mx\/wp-content\/uploads\/2023\/08\/2-HYGIENIC.jpg\" class=\"elementor-animation-wobble-vertical attachment-full size-full wp-image-1648\" alt=\"\" srcset=\"https:\/\/rehmex.mx\/wp-content\/uploads\/2023\/08\/2-HYGIENIC.jpg 600w, https:\/\/rehmex.mx\/wp-content\/uploads\/2023\/08\/2-HYGIENIC-300x188.jpg 300w, https:\/\/rehmex.mx\/wp-content\/uploads\/2023\/08\/2-HYGIENIC-18x12.jpg 18w\" sizes=\"(max-width: 600px) 100vw, 600px\" \/><\/a><\/figure><div class=\"elementor-image-box-content\"><h3 class=\"elementor-image-box-title\"><a href=\"http:\/\/www.polysto.com\/\">Sistema de inspecci\u00f3n de rayos X Midmeki<\/a><\/h3><\/div><\/div>\t\t\t\t<\/div>\n\t\t\t\t<\/div>\n\t\t\t\t\t<\/div>\n\t\t<\/div>\n\t\t\t\t\t<\/div>\n\t\t<\/section>\n\t\t\t\t<section class=\"elementor-section elementor-inner-section elementor-element elementor-element-b5caf29 elementor-section-boxed elementor-section-height-default elementor-section-height-default\" data-id=\"b5caf29\" data-element_type=\"section\" data-e-type=\"section\">\n\t\t\t\t\t\t<div class=\"elementor-container elementor-column-gap-default\">\n\t\t\t\t\t<div class=\"elementor-column elementor-col-50 elementor-inner-column elementor-element elementor-element-806db5f\" data-id=\"806db5f\" data-element_type=\"column\" data-e-type=\"column\">\n\t\t\t<div class=\"elementor-widget-wrap elementor-element-populated\">\n\t\t\t\t\t\t<div class=\"elementor-element elementor-element-cd2a4ff elementor-position-top elementor-widget elementor-widget-image-box\" data-id=\"cd2a4ff\" data-element_type=\"widget\" data-e-type=\"widget\" data-widget_type=\"image-box.default\">\n\t\t\t\t<div class=\"elementor-widget-container\">\n\t\t\t\t\t<div class=\"elementor-image-box-wrapper\"><figure class=\"elementor-image-box-img\"><a href=\"http:\/\/www.polysto.com\/\" tabindex=\"-1\"><img loading=\"lazy\" decoding=\"async\" width=\"600\" height=\"375\" src=\"https:\/\/rehmex.mx\/wp-content\/uploads\/2023\/08\/1-HYGIENIC.jpg\" class=\"elementor-animation-wobble-vertical attachment-full size-full wp-image-1650\" alt=\"\" srcset=\"https:\/\/rehmex.mx\/wp-content\/uploads\/2023\/08\/1-HYGIENIC.jpg 600w, https:\/\/rehmex.mx\/wp-content\/uploads\/2023\/08\/1-HYGIENIC-300x188.jpg 300w, https:\/\/rehmex.mx\/wp-content\/uploads\/2023\/08\/1-HYGIENIC-18x12.jpg 18w\" sizes=\"(max-width: 600px) 100vw, 600px\" \/><\/a><\/figure><div class=\"elementor-image-box-content\"><h3 class=\"elementor-image-box-title\"><a href=\"http:\/\/www.polysto.com\/\">Sistema de Inspecci\u00f3n de rayos X de Meki<\/a><\/h3><\/div><\/div>\t\t\t\t<\/div>\n\t\t\t\t<\/div>\n\t\t\t\t\t<\/div>\n\t\t<\/div>\n\t\t\t\t<div class=\"elementor-column elementor-col-50 elementor-inner-column elementor-element elementor-element-979c9bb\" data-id=\"979c9bb\" data-element_type=\"column\" data-e-type=\"column\">\n\t\t\t<div class=\"elementor-widget-wrap elementor-element-populated\">\n\t\t\t\t\t\t<div class=\"elementor-element elementor-element-9a2c318 elementor-position-top elementor-widget elementor-widget-image-box\" data-id=\"9a2c318\" data-element_type=\"widget\" data-e-type=\"widget\" data-widget_type=\"image-box.default\">\n\t\t\t\t<div class=\"elementor-widget-container\">\n\t\t\t\t\t<div class=\"elementor-image-box-wrapper\"><figure class=\"elementor-image-box-img\"><a href=\"http:\/\/www.polysto.com\/\" tabindex=\"-1\"><img loading=\"lazy\" decoding=\"async\" width=\"400\" height=\"250\" src=\"https:\/\/rehmex.mx\/wp-content\/uploads\/2023\/08\/juntas.jpg\" class=\"elementor-animation-wobble-vertical attachment-full size-full wp-image-1651\" alt=\"\" srcset=\"https:\/\/rehmex.mx\/wp-content\/uploads\/2023\/08\/juntas.jpg 400w, https:\/\/rehmex.mx\/wp-content\/uploads\/2023\/08\/juntas-300x188.jpg 300w, https:\/\/rehmex.mx\/wp-content\/uploads\/2023\/08\/juntas-18x12.jpg 18w\" sizes=\"(max-width: 400px) 100vw, 400px\" \/><\/a><\/figure><div class=\"elementor-image-box-content\"><h3 class=\"elementor-image-box-title\"><a href=\"http:\/\/www.polysto.com\/\">Terminales y juntas para rincones<\/a><\/h3><\/div><\/div>\t\t\t\t<\/div>\n\t\t\t\t<\/div>\n\t\t\t\t\t<\/div>\n\t\t<\/div>\n\t\t\t\t\t<\/div>\n\t\t<\/section>\n\t\t\t\t\t<\/div>\n\t\t<\/div>\n\t\t\t\t<div class=\"elementor-column elementor-col-50 elementor-top-column elementor-element elementor-element-c614aaa\" data-id=\"c614aaa\" data-element_type=\"column\" data-e-type=\"column\">\n\t\t\t<div class=\"elementor-widget-wrap elementor-element-populated\">\n\t\t\t\t\t\t<div class=\"elementor-element elementor-element-196383e elementor-widget elementor-widget-text-editor\" data-id=\"196383e\" data-element_type=\"widget\" data-e-type=\"widget\" data-widget_type=\"text-editor.default\">\n\t\t\t\t<div class=\"elementor-widget-container\">\n\t\t\t\t\t\t\t\t\t<p>PolySto es el productor europeo l\u00edder y preferido de protecci\u00f3n higi\u00e9nica de paredes para la industria alimentaria y farmac\u00e9utica<\/p>\t\t\t\t\t\t\t\t<\/div>\n\t\t\t\t<\/div>\n\t\t\t\t<div class=\"elementor-element elementor-element-af1720f elementor-widget elementor-widget-heading\" data-id=\"af1720f\" data-element_type=\"widget\" data-e-type=\"widget\" data-widget_type=\"heading.default\">\n\t\t\t\t<div class=\"elementor-widget-container\">\n\t\t\t\t\t<h2 class=\"elementor-heading-title elementor-size-default\">Proveedor<\/h2>\t\t\t\t<\/div>\n\t\t\t\t<\/div>\n\t\t\t\t<div class=\"elementor-element elementor-element-bc46d55 elementor-view-stacked elementor-position-inline-start elementor-shape-circle elementor-mobile-position-block-start elementor-widget elementor-widget-icon-box\" data-id=\"bc46d55\" data-element_type=\"widget\" data-e-type=\"widget\" data-widget_type=\"icon-box.default\">\n\t\t\t\t<div class=\"elementor-widget-container\">\n\t\t\t\t\t\t\t<div class=\"elementor-icon-box-wrapper\">\n\n\t\t\t\t\t\t<div class=\"elementor-icon-box-icon\">\n\t\t\t\t<span  class=\"elementor-icon\">\n\t\t\t\t<i aria-hidden=\"true\" class=\"far fa-building\"><\/i>\t\t\t\t<\/span>\n\t\t\t<\/div>\n\t\t\t\n\t\t\t\t\t\t<div class=\"elementor-icon-box-content\">\n\n\t\t\t\t\t\t\t\t\t<h3 class=\"elementor-icon-box-title\">\n\t\t\t\t\t\t<span  >\n\t\t\t\t\t\t\tPolySto\t\t\t\t\t\t<\/span>\n\t\t\t\t\t<\/h3>\n\t\t\t\t\n\t\t\t\t\n\t\t\t<\/div>\n\t\t\t\n\t\t<\/div>\n\t\t\t\t\t\t<\/div>\n\t\t\t\t<\/div>\n\t\t\t\t<div class=\"elementor-element elementor-element-a17a8a8 elementor-widget elementor-widget-heading\" data-id=\"a17a8a8\" data-element_type=\"widget\" data-e-type=\"widget\" data-widget_type=\"heading.default\">\n\t\t\t\t<div class=\"elementor-widget-container\">\n\t\t\t\t\t<h2 class=\"elementor-heading-title elementor-size-default\">Website<\/h2>\t\t\t\t<\/div>\n\t\t\t\t<\/div>\n\t\t\t\t<div class=\"elementor-element elementor-element-7df6114 elementor-view-stacked elementor-position-inline-start elementor-shape-circle elementor-mobile-position-block-start elementor-widget elementor-widget-icon-box\" data-id=\"7df6114\" data-element_type=\"widget\" data-e-type=\"widget\" data-widget_type=\"icon-box.default\">\n\t\t\t\t<div class=\"elementor-widget-container\">\n\t\t\t\t\t\t\t<div class=\"elementor-icon-box-wrapper\">\n\n\t\t\t\t\t\t<div class=\"elementor-icon-box-icon\">\n\t\t\t\t<a href=\"http:\/\/www.polysto.com\/\" class=\"elementor-icon\" tabindex=\"-1\" aria-label=\"Ver sitio web\">\n\t\t\t\t<i aria-hidden=\"true\" class=\"far fa-building\"><\/i>\t\t\t\t<\/a>\n\t\t\t<\/div>\n\t\t\t\n\t\t\t\t\t\t<div class=\"elementor-icon-box-content\">\n\n\t\t\t\t\t\t\t\t\t<h3 class=\"elementor-icon-box-title\">\n\t\t\t\t\t\t<a href=\"http:\/\/www.polysto.com\/\" >\n\t\t\t\t\t\t\tVer sitio web\t\t\t\t\t\t<\/a>\n\t\t\t\t\t<\/h3>\n\t\t\t\t\n\t\t\t\t\n\t\t\t<\/div>\n\t\t\t\n\t\t<\/div>\n\t\t\t\t\t\t<\/div>\n\t\t\t\t<\/div>\n\t\t\t\t<div class=\"elementor-element elementor-element-954108d elementor-widget elementor-widget-heading\" data-id=\"954108d\" data-element_type=\"widget\" data-e-type=\"widget\" data-widget_type=\"heading.default\">\n\t\t\t\t<div class=\"elementor-widget-container\">\n\t\t\t\t\t<h2 class=\"elementor-heading-title elementor-size-default\">Website<\/h2>\t\t\t\t<\/div>\n\t\t\t\t<\/div>\n\t\t\t\t<div class=\"elementor-element elementor-element-2249b78 elementor-view-stacked elementor-position-inline-start elementor-shape-circle elementor-mobile-position-block-start elementor-widget elementor-widget-icon-box\" data-id=\"2249b78\" data-element_type=\"widget\" data-e-type=\"widget\" data-widget_type=\"icon-box.default\">\n\t\t\t\t<div class=\"elementor-widget-container\">\n\t\t\t\t\t\t\t<div class=\"elementor-icon-box-wrapper\">\n\n\t\t\t\t\t\t<div class=\"elementor-icon-box-icon\">\n\t\t\t\t<a href=\"https:\/\/www.polysto.com\/en\/discover-our-products\" class=\"elementor-icon\" tabindex=\"-1\" aria-label=\"Ver cat\u00e1logo de productos\">\n\t\t\t\t<i aria-hidden=\"true\" class=\"far fa-building\"><\/i>\t\t\t\t<\/a>\n\t\t\t<\/div>\n\t\t\t\n\t\t\t\t\t\t<div class=\"elementor-icon-box-content\">\n\n\t\t\t\t\t\t\t\t\t<h3 class=\"elementor-icon-box-title\">\n\t\t\t\t\t\t<a href=\"https:\/\/www.polysto.com\/en\/discover-our-products\" >\n\t\t\t\t\t\t\tVer cat\u00e1logo de productos\t\t\t\t\t\t<\/a>\n\t\t\t\t\t<\/h3>\n\t\t\t\t\n\t\t\t\t\n\t\t\t<\/div>\n\t\t\t\n\t\t<\/div>\n\t\t\t\t\t\t<\/div>\n\t\t\t\t<\/div>\n\t\t\t\t<div class=\"elementor-element elementor-element-61bdc3a elementor-widget elementor-widget-heading\" data-id=\"61bdc3a\" data-element_type=\"widget\" data-e-type=\"widget\" data-widget_type=\"heading.default\">\n\t\t\t\t<div class=\"elementor-widget-container\">\n\t\t\t\t\t<h2 class=\"elementor-heading-title elementor-size-default\">Se especializa en<\/h2>\t\t\t\t<\/div>\n\t\t\t\t<\/div>\n\t\t\t\t<div class=\"elementor-element elementor-element-e0579a0 elementor-view-stacked elementor-position-inline-start elementor-shape-circle elementor-mobile-position-block-start elementor-widget elementor-widget-icon-box\" data-id=\"e0579a0\" data-element_type=\"widget\" data-e-type=\"widget\" data-widget_type=\"icon-box.default\">\n\t\t\t\t<div class=\"elementor-widget-container\">\n\t\t\t\t\t\t\t<div class=\"elementor-icon-box-wrapper\">\n\n\t\t\t\t\t\t<div class=\"elementor-icon-box-icon\">\n\t\t\t\t<span  class=\"elementor-icon\">\n\t\t\t\t<i aria-hidden=\"true\" class=\"far fa-building\"><\/i>\t\t\t\t<\/span>\n\t\t\t<\/div>\n\t\t\t\n\t\t\t\t\t\t<div class=\"elementor-icon-box-content\">\n\n\t\t\t\t\t\t\t\t\t<h3 class=\"elementor-icon-box-title\">\n\t\t\t\t\t\t<span  >\n\t\t\t\t\t\t\tProtecci\u00f3n higi\u00e9nica\t\t\t\t\t\t<\/span>\n\t\t\t\t\t<\/h3>\n\t\t\t\t\n\t\t\t\t\n\t\t\t<\/div>\n\t\t\t\n\t\t<\/div>\n\t\t\t\t\t\t<\/div>\n\t\t\t\t<\/div>\n\t\t\t\t\t<\/div>\n\t\t<\/div>\n\t\t\t\t\t<\/div>\n\t\t<\/section>\n\t\t\t\t<\/div>","protected":false},"excerpt":{"rendered":"<p>Hoja FPR Sistema de inspecci\u00f3n de rayos X Midmeki Sistema de Inspecci\u00f3n de rayos X de Meki Terminales y juntas para rincones PolySto es el productor europeo l\u00edder y preferido de protecci\u00f3n higi\u00e9nica de paredes para la industria alimentaria y farmac\u00e9utica Proveedor PolySto Website Ver sitio web Website Ver cat\u00e1logo de productos Se especializa en [&hellip;]<\/p>\n","protected":false},"author":1,"featured_media":0,"parent":0,"menu_order":0,"comment_status":"closed","ping_status":"closed","template":"","meta":{"_acf_changed":false,"footnotes":""},"class_list":["post-1641","page","type-page","status-publish","hentry"],"acf":[],"_links":{"self":[{"href":"https:\/\/rehmex.mx\/en\/wp-json\/wp\/v2\/pages\/1641"}],"collection":[{"href":"https:\/\/rehmex.mx\/en\/wp-json\/wp\/v2\/pages"}],"about":[{"href":"https:\/\/rehmex.mx\/en\/wp-json\/wp\/v2\/types\/page"}],"author":[{"embeddable":true,"href":"https:\/\/rehmex.mx\/en\/wp-json\/wp\/v2\/users\/1"}],"replies":[{"embeddable":true,"href":"https:\/\/rehmex.mx\/en\/wp-json\/wp\/v2\/comments?post=1641"}],"version-history":[{"count":16,"href":"https:\/\/rehmex.mx\/en\/wp-json\/wp\/v2\/pages\/1641\/revisions"}],"predecessor-version":[{"id":12070,"href":"https:\/\/rehmex.mx\/en\/wp-json\/wp\/v2\/pages\/1641\/revisions\/12070"}],"wp:attachment":[{"href":"https:\/\/rehmex.mx\/en\/wp-json\/wp\/v2\/media?parent=1641"}],"curies":[{"name":"wp","href":"https:\/\/api.w.org\/{rel}","templated":true}]}}