{"id":1775,"date":"2023-09-13T00:01:48","date_gmt":"2023-09-13T06:01:48","guid":{"rendered":"https:\/\/rehmex.mx\/?page_id=1775"},"modified":"2023-09-13T00:08:20","modified_gmt":"2023-09-13T06:08:20","slug":"rheon","status":"publish","type":"page","link":"https:\/\/rehmex.mx\/en\/rheon\/","title":{"rendered":"Rheon"},"content":{"rendered":"<div data-elementor-type=\"wp-page\" data-elementor-id=\"1775\" class=\"elementor elementor-1775\">\n\t\t\t\t\t\t<section class=\"elementor-section elementor-top-section elementor-element elementor-element-d932bd0 elementor-section-boxed elementor-section-height-default elementor-section-height-default\" data-id=\"d932bd0\" data-element_type=\"section\" data-e-type=\"section\">\n\t\t\t\t\t\t<div class=\"elementor-container elementor-column-gap-default\">\n\t\t\t\t\t<div class=\"elementor-column elementor-col-100 elementor-top-column elementor-element elementor-element-219c8f8\" data-id=\"219c8f8\" data-element_type=\"column\" data-e-type=\"column\">\n\t\t\t<div class=\"elementor-widget-wrap elementor-element-populated\">\n\t\t\t\t\t\t<div class=\"elementor-element elementor-element-4ac77a0 elementor-widget elementor-widget-image\" data-id=\"4ac77a0\" data-element_type=\"widget\" data-e-type=\"widget\" data-widget_type=\"image.default\">\n\t\t\t\t<div class=\"elementor-widget-container\">\n\t\t\t\t\t\t\t\t\t\t\t\t\t\t\t<img decoding=\"async\" width=\"666\" height=\"33\" src=\"https:\/\/rehmex.mx\/wp-content\/uploads\/2018\/03\/logo_e.png\" class=\"attachment-full size-full wp-image-831\" alt=\"\" srcset=\"https:\/\/rehmex.mx\/wp-content\/uploads\/2018\/03\/logo_e.png 666w, https:\/\/rehmex.mx\/wp-content\/uploads\/2018\/03\/logo_e-300x15.png 300w, https:\/\/rehmex.mx\/wp-content\/uploads\/2018\/03\/logo_e-260x13.png 260w, https:\/\/rehmex.mx\/wp-content\/uploads\/2018\/03\/logo_e-50x2.png 50w, https:\/\/rehmex.mx\/wp-content\/uploads\/2018\/03\/logo_e-150x7.png 150w\" sizes=\"(max-width: 666px) 100vw, 666px\" \/>\t\t\t\t\t\t\t\t\t\t\t\t\t\t\t<\/div>\n\t\t\t\t<\/div>\n\t\t\t\t<div class=\"elementor-element elementor-element-0c7520d elementor-widget elementor-widget-image\" data-id=\"0c7520d\" data-element_type=\"widget\" data-e-type=\"widget\" data-widget_type=\"image.default\">\n\t\t\t\t<div class=\"elementor-widget-container\">\n\t\t\t\t\t\t\t\t\t\t\t\t\t\t\t<img fetchpriority=\"high\" decoding=\"async\" width=\"950\" height=\"450\" src=\"https:\/\/rehmex.mx\/wp-content\/uploads\/2019\/06\/img-sup-rheon.png\" class=\"attachment-full size-full wp-image-833\" alt=\"\" srcset=\"https:\/\/rehmex.mx\/wp-content\/uploads\/2019\/06\/img-sup-rheon.png 950w, https:\/\/rehmex.mx\/wp-content\/uploads\/2019\/06\/img-sup-rheon-300x142.png 300w, https:\/\/rehmex.mx\/wp-content\/uploads\/2019\/06\/img-sup-rheon-768x364.png 768w, https:\/\/rehmex.mx\/wp-content\/uploads\/2019\/06\/img-sup-rheon-260x123.png 260w, https:\/\/rehmex.mx\/wp-content\/uploads\/2019\/06\/img-sup-rheon-50x24.png 50w, https:\/\/rehmex.mx\/wp-content\/uploads\/2019\/06\/img-sup-rheon-150x71.png 150w\" sizes=\"(max-width: 950px) 100vw, 950px\" \/>\t\t\t\t\t\t\t\t\t\t\t\t\t\t\t<\/div>\n\t\t\t\t<\/div>\n\t\t\t\t\t<\/div>\n\t\t<\/div>\n\t\t\t\t\t<\/div>\n\t\t<\/section>\n\t\t\t\t<section class=\"elementor-section elementor-top-section elementor-element elementor-element-bd79225 elementor-section-boxed elementor-section-height-default elementor-section-height-default\" data-id=\"bd79225\" data-element_type=\"section\" data-e-type=\"section\">\n\t\t\t\t\t\t<div class=\"elementor-container elementor-column-gap-default\">\n\t\t\t\t\t<div class=\"elementor-column elementor-col-50 elementor-top-column elementor-element elementor-element-e832bd8\" data-id=\"e832bd8\" data-element_type=\"column\" data-e-type=\"column\">\n\t\t\t<div class=\"elementor-widget-wrap elementor-element-populated\">\n\t\t\t\t\t\t<div class=\"elementor-element elementor-element-e95914d elementor-widget elementor-widget-heading\" data-id=\"e95914d\" data-element_type=\"widget\" data-e-type=\"widget\" data-widget_type=\"heading.default\">\n\t\t\t\t<div class=\"elementor-widget-container\">\n\t\t\t\t\t<h2 class=\"elementor-heading-title elementor-size-default\">M\u00e1quinas de procesamiento de alimentos en masa<\/h2>\t\t\t\t<\/div>\n\t\t\t\t<\/div>\n\t\t\t\t<section class=\"elementor-section elementor-inner-section elementor-element elementor-element-a460097 elementor-section-boxed elementor-section-height-default elementor-section-height-default\" data-id=\"a460097\" data-element_type=\"section\" data-e-type=\"section\">\n\t\t\t\t\t\t<div class=\"elementor-container elementor-column-gap-default\">\n\t\t\t\t\t<div class=\"elementor-column elementor-col-33 elementor-inner-column elementor-element elementor-element-cc67434\" data-id=\"cc67434\" data-element_type=\"column\" data-e-type=\"column\">\n\t\t\t<div class=\"elementor-widget-wrap elementor-element-populated\">\n\t\t\t\t\t\t<div class=\"elementor-element elementor-element-c8d9cf4 elementor-position-top elementor-widget elementor-widget-image-box\" data-id=\"c8d9cf4\" data-element_type=\"widget\" data-e-type=\"widget\" data-widget_type=\"image-box.default\">\n\t\t\t\t<div class=\"elementor-widget-container\">\n\t\t\t\t\t<div class=\"elementor-image-box-wrapper\"><figure class=\"elementor-image-box-img\"><a href=\"https:\/\/www.rheon.com\/en\/products\/?id=148\" tabindex=\"-1\"><img decoding=\"async\" width=\"1065\" height=\"891\" src=\"https:\/\/rehmex.mx\/wp-content\/uploads\/2017\/02\/ID00000229img8.jpg\" class=\"elementor-animation-wobble-vertical attachment-full size-full wp-image-835\" alt=\"\" srcset=\"https:\/\/rehmex.mx\/wp-content\/uploads\/2017\/02\/ID00000229img8.jpg 1065w, https:\/\/rehmex.mx\/wp-content\/uploads\/2017\/02\/ID00000229img8-300x251.jpg 300w, https:\/\/rehmex.mx\/wp-content\/uploads\/2017\/02\/ID00000229img8-768x643.jpg 768w, https:\/\/rehmex.mx\/wp-content\/uploads\/2017\/02\/ID00000229img8-1024x857.jpg 1024w, https:\/\/rehmex.mx\/wp-content\/uploads\/2017\/02\/ID00000229img8-175x146.jpg 175w, https:\/\/rehmex.mx\/wp-content\/uploads\/2017\/02\/ID00000229img8-50x42.jpg 50w, https:\/\/rehmex.mx\/wp-content\/uploads\/2017\/02\/ID00000229img8-90x75.jpg 90w\" sizes=\"(max-width: 1065px) 100vw, 1065px\" \/><\/a><\/figure><div class=\"elementor-image-box-content\"><h3 class=\"elementor-image-box-title\"><a href=\"https:\/\/www.rheon.com\/en\/products\/?id=148\">CORNUCOPIA KN551<\/a><\/h3><\/div><\/div>\t\t\t\t<\/div>\n\t\t\t\t<\/div>\n\t\t\t\t\t<\/div>\n\t\t<\/div>\n\t\t\t\t<div class=\"elementor-column elementor-col-33 elementor-inner-column elementor-element elementor-element-d49e17a\" data-id=\"d49e17a\" data-element_type=\"column\" data-e-type=\"column\">\n\t\t\t<div class=\"elementor-widget-wrap elementor-element-populated\">\n\t\t\t\t\t\t<div class=\"elementor-element elementor-element-bb79414 elementor-position-top elementor-widget elementor-widget-image-box\" data-id=\"bb79414\" data-element_type=\"widget\" data-e-type=\"widget\" data-widget_type=\"image-box.default\">\n\t\t\t\t<div class=\"elementor-widget-container\">\n\t\t\t\t\t<div class=\"elementor-image-box-wrapper\"><figure class=\"elementor-image-box-img\"><a href=\"https:\/\/www.rheon.com\/en\/products\/?id=148\" tabindex=\"-1\"><img loading=\"lazy\" decoding=\"async\" width=\"557\" height=\"598\" src=\"https:\/\/rehmex.mx\/wp-content\/uploads\/2019\/06\/CORNUCOPIA-KN500.jpg\" class=\"elementor-animation-wobble-vertical attachment-full size-full wp-image-839\" alt=\"\" srcset=\"https:\/\/rehmex.mx\/wp-content\/uploads\/2019\/06\/CORNUCOPIA-KN500.jpg 557w, https:\/\/rehmex.mx\/wp-content\/uploads\/2019\/06\/CORNUCOPIA-KN500-279x300.jpg 279w, https:\/\/rehmex.mx\/wp-content\/uploads\/2019\/06\/CORNUCOPIA-KN500-136x146.jpg 136w, https:\/\/rehmex.mx\/wp-content\/uploads\/2019\/06\/CORNUCOPIA-KN500-47x50.jpg 47w, https:\/\/rehmex.mx\/wp-content\/uploads\/2019\/06\/CORNUCOPIA-KN500-70x75.jpg 70w\" sizes=\"(max-width: 557px) 100vw, 557px\" \/><\/a><\/figure><div class=\"elementor-image-box-content\"><h3 class=\"elementor-image-box-title\"><a href=\"https:\/\/www.rheon.com\/en\/products\/?id=148\">CORNUCOPIA KN500<\/a><\/h3><\/div><\/div>\t\t\t\t<\/div>\n\t\t\t\t<\/div>\n\t\t\t\t\t<\/div>\n\t\t<\/div>\n\t\t\t\t<div class=\"elementor-column elementor-col-33 elementor-inner-column elementor-element elementor-element-b072cbb\" data-id=\"b072cbb\" data-element_type=\"column\" data-e-type=\"column\">\n\t\t\t<div class=\"elementor-widget-wrap elementor-element-populated\">\n\t\t\t\t\t\t<div class=\"elementor-element elementor-element-97893d3 elementor-position-top elementor-widget elementor-widget-image-box\" data-id=\"97893d3\" data-element_type=\"widget\" data-e-type=\"widget\" data-widget_type=\"image-box.default\">\n\t\t\t\t<div class=\"elementor-widget-container\">\n\t\t\t\t\t<div class=\"elementor-image-box-wrapper\"><figure class=\"elementor-image-box-img\"><a href=\"https:\/\/www.rheon.com\/en\/products\/?id=148\" tabindex=\"-1\"><img loading=\"lazy\" decoding=\"async\" width=\"600\" height=\"523\" src=\"https:\/\/rehmex.mx\/wp-content\/uploads\/2019\/06\/CORNUCOPIA\u00ae-KN600.jpg\" class=\"elementor-animation-wobble-vertical attachment-full size-full wp-image-842\" alt=\"\" srcset=\"https:\/\/rehmex.mx\/wp-content\/uploads\/2019\/06\/CORNUCOPIA\u00ae-KN600.jpg 600w, https:\/\/rehmex.mx\/wp-content\/uploads\/2019\/06\/CORNUCOPIA\u00ae-KN600-300x262.jpg 300w, https:\/\/rehmex.mx\/wp-content\/uploads\/2019\/06\/CORNUCOPIA\u00ae-KN600-167x146.jpg 167w, https:\/\/rehmex.mx\/wp-content\/uploads\/2019\/06\/CORNUCOPIA\u00ae-KN600-50x44.jpg 50w, https:\/\/rehmex.mx\/wp-content\/uploads\/2019\/06\/CORNUCOPIA\u00ae-KN600-86x75.jpg 86w\" sizes=\"(max-width: 600px) 100vw, 600px\" \/><\/a><\/figure><div class=\"elementor-image-box-content\"><h3 class=\"elementor-image-box-title\"><a href=\"https:\/\/www.rheon.com\/en\/products\/?id=148\">CORNUCOPIA\u00ae KN600<\/a><\/h3><\/div><\/div>\t\t\t\t<\/div>\n\t\t\t\t<\/div>\n\t\t\t\t\t<\/div>\n\t\t<\/div>\n\t\t\t\t\t<\/div>\n\t\t<\/section>\n\t\t\t\t\t<\/div>\n\t\t<\/div>\n\t\t\t\t<div class=\"elementor-column elementor-col-50 elementor-top-column elementor-element elementor-element-c614aaa\" data-id=\"c614aaa\" data-element_type=\"column\" data-e-type=\"column\">\n\t\t\t<div class=\"elementor-widget-wrap elementor-element-populated\">\n\t\t\t\t\t\t<div class=\"elementor-element elementor-element-196383e elementor-widget elementor-widget-text-editor\" data-id=\"196383e\" data-element_type=\"widget\" data-e-type=\"widget\" data-widget_type=\"text-editor.default\">\n\t\t\t\t<div class=\"elementor-widget-container\">\n\t\t\t\t\t\t\t\t\t<p>Rheon Automatic Machinery desarrolla, fabrica y suministra una amplia gama de m\u00e1quinas de procesamiento de alimentos de alta calidad a sistemas de f\u00e1bricas en todo el mundo. Son el primer desarrollador del mundo de una l\u00ednea de producci\u00f3n de croissant totalmente automatizada y una m\u00e1quina autom\u00e1tica de productos rellenos. Sus m\u00e1quinas se han exportado a m\u00e1s de 120 pa\u00edses y con una tecnolog\u00eda que desempe\u00f1a un papel importante en la producci\u00f3n automatizada de alimentos \u00e9tnicos de todo el mundo.<\/p>\t\t\t\t\t\t\t\t<\/div>\n\t\t\t\t<\/div>\n\t\t\t\t<div class=\"elementor-element elementor-element-af1720f elementor-widget elementor-widget-heading\" data-id=\"af1720f\" data-element_type=\"widget\" data-e-type=\"widget\" data-widget_type=\"heading.default\">\n\t\t\t\t<div class=\"elementor-widget-container\">\n\t\t\t\t\t<h2 class=\"elementor-heading-title elementor-size-default\">Proveedor<\/h2>\t\t\t\t<\/div>\n\t\t\t\t<\/div>\n\t\t\t\t<div class=\"elementor-element elementor-element-bc46d55 elementor-view-stacked elementor-position-inline-start elementor-shape-circle elementor-mobile-position-block-start elementor-widget elementor-widget-icon-box\" data-id=\"bc46d55\" data-element_type=\"widget\" data-e-type=\"widget\" data-widget_type=\"icon-box.default\">\n\t\t\t\t<div class=\"elementor-widget-container\">\n\t\t\t\t\t\t\t<div class=\"elementor-icon-box-wrapper\">\n\n\t\t\t\t\t\t<div class=\"elementor-icon-box-icon\">\n\t\t\t\t<span  class=\"elementor-icon\">\n\t\t\t\t<i aria-hidden=\"true\" class=\"far fa-building\"><\/i>\t\t\t\t<\/span>\n\t\t\t<\/div>\n\t\t\t\n\t\t\t\t\t\t<div class=\"elementor-icon-box-content\">\n\n\t\t\t\t\t\t\t\t\t<h3 class=\"elementor-icon-box-title\">\n\t\t\t\t\t\t<span  >\n\t\t\t\t\t\t\tRheon\t\t\t\t\t\t<\/span>\n\t\t\t\t\t<\/h3>\n\t\t\t\t\n\t\t\t\t\n\t\t\t<\/div>\n\t\t\t\n\t\t<\/div>\n\t\t\t\t\t\t<\/div>\n\t\t\t\t<\/div>\n\t\t\t\t<div class=\"elementor-element elementor-element-954108d elementor-widget elementor-widget-heading\" data-id=\"954108d\" data-element_type=\"widget\" data-e-type=\"widget\" data-widget_type=\"heading.default\">\n\t\t\t\t<div class=\"elementor-widget-container\">\n\t\t\t\t\t<h2 class=\"elementor-heading-title elementor-size-default\">Website<\/h2>\t\t\t\t<\/div>\n\t\t\t\t<\/div>\n\t\t\t\t<div class=\"elementor-element elementor-element-7df6114 elementor-view-stacked elementor-position-inline-start elementor-shape-circle elementor-mobile-position-block-start elementor-widget elementor-widget-icon-box\" data-id=\"7df6114\" data-element_type=\"widget\" data-e-type=\"widget\" data-widget_type=\"icon-box.default\">\n\t\t\t\t<div class=\"elementor-widget-container\">\n\t\t\t\t\t\t\t<div class=\"elementor-icon-box-wrapper\">\n\n\t\t\t\t\t\t<div class=\"elementor-icon-box-icon\">\n\t\t\t\t<a href=\"https:\/\/www.rheon.com\/en\/index.php\" class=\"elementor-icon\" tabindex=\"-1\" aria-label=\"Ver sitio web\">\n\t\t\t\t<i aria-hidden=\"true\" class=\"far fa-building\"><\/i>\t\t\t\t<\/a>\n\t\t\t<\/div>\n\t\t\t\n\t\t\t\t\t\t<div class=\"elementor-icon-box-content\">\n\n\t\t\t\t\t\t\t\t\t<h3 class=\"elementor-icon-box-title\">\n\t\t\t\t\t\t<a href=\"https:\/\/www.rheon.com\/en\/index.php\" >\n\t\t\t\t\t\t\tVer sitio web\t\t\t\t\t\t<\/a>\n\t\t\t\t\t<\/h3>\n\t\t\t\t\n\t\t\t\t\n\t\t\t<\/div>\n\t\t\t\n\t\t<\/div>\n\t\t\t\t\t\t<\/div>\n\t\t\t\t<\/div>\n\t\t\t\t<div class=\"elementor-element elementor-element-a94ec39 elementor-widget elementor-widget-heading\" data-id=\"a94ec39\" data-element_type=\"widget\" data-e-type=\"widget\" data-widget_type=\"heading.default\">\n\t\t\t\t<div class=\"elementor-widget-container\">\n\t\t\t\t\t<h2 class=\"elementor-heading-title elementor-size-default\">Website<\/h2>\t\t\t\t<\/div>\n\t\t\t\t<\/div>\n\t\t\t\t<div class=\"elementor-element elementor-element-2249b78 elementor-view-stacked elementor-position-inline-start elementor-shape-circle elementor-mobile-position-block-start elementor-widget elementor-widget-icon-box\" data-id=\"2249b78\" data-element_type=\"widget\" data-e-type=\"widget\" data-widget_type=\"icon-box.default\">\n\t\t\t\t<div class=\"elementor-widget-container\">\n\t\t\t\t\t\t\t<div class=\"elementor-icon-box-wrapper\">\n\n\t\t\t\t\t\t<div class=\"elementor-icon-box-icon\">\n\t\t\t\t<a href=\"https:\/\/www.rheon.com\/en\/products\/list.php\" class=\"elementor-icon\" tabindex=\"-1\" aria-label=\"Ver cat\u00e1logo de productos\">\n\t\t\t\t<i aria-hidden=\"true\" class=\"far fa-building\"><\/i>\t\t\t\t<\/a>\n\t\t\t<\/div>\n\t\t\t\n\t\t\t\t\t\t<div class=\"elementor-icon-box-content\">\n\n\t\t\t\t\t\t\t\t\t<h3 class=\"elementor-icon-box-title\">\n\t\t\t\t\t\t<a href=\"https:\/\/www.rheon.com\/en\/products\/list.php\" >\n\t\t\t\t\t\t\tVer cat\u00e1logo de productos\t\t\t\t\t\t<\/a>\n\t\t\t\t\t<\/h3>\n\t\t\t\t\n\t\t\t\t\n\t\t\t<\/div>\n\t\t\t\n\t\t<\/div>\n\t\t\t\t\t\t<\/div>\n\t\t\t\t<\/div>\n\t\t\t\t<div class=\"elementor-element elementor-element-61bdc3a elementor-widget elementor-widget-heading\" data-id=\"61bdc3a\" data-element_type=\"widget\" data-e-type=\"widget\" data-widget_type=\"heading.default\">\n\t\t\t\t<div class=\"elementor-widget-container\">\n\t\t\t\t\t<h2 class=\"elementor-heading-title elementor-size-default\">Se especializa en<\/h2>\t\t\t\t<\/div>\n\t\t\t\t<\/div>\n\t\t\t\t<div class=\"elementor-element elementor-element-e0579a0 elementor-view-stacked elementor-position-inline-start elementor-shape-circle elementor-mobile-position-block-start elementor-widget elementor-widget-icon-box\" data-id=\"e0579a0\" data-element_type=\"widget\" data-e-type=\"widget\" data-widget_type=\"icon-box.default\">\n\t\t\t\t<div class=\"elementor-widget-container\">\n\t\t\t\t\t\t\t<div class=\"elementor-icon-box-wrapper\">\n\n\t\t\t\t\t\t<div class=\"elementor-icon-box-icon\">\n\t\t\t\t<span  class=\"elementor-icon\">\n\t\t\t\t<i aria-hidden=\"true\" class=\"far fa-building\"><\/i>\t\t\t\t<\/span>\n\t\t\t<\/div>\n\t\t\t\n\t\t\t\t\t\t<div class=\"elementor-icon-box-content\">\n\n\t\t\t\t\t\t\t\t\t<h3 class=\"elementor-icon-box-title\">\n\t\t\t\t\t\t<span  >\n\t\t\t\t\t\t\tM\u00e1quinas de procesamiento de alimentos\t\t\t\t\t\t<\/span>\n\t\t\t\t\t<\/h3>\n\t\t\t\t\n\t\t\t\t\n\t\t\t<\/div>\n\t\t\t\n\t\t<\/div>\n\t\t\t\t\t\t<\/div>\n\t\t\t\t<\/div>\n\t\t\t\t\t<\/div>\n\t\t<\/div>\n\t\t\t\t\t<\/div>\n\t\t<\/section>\n\t\t\t\t<\/div>","protected":false},"excerpt":{"rendered":"<p>M\u00e1quinas de procesamiento de alimentos en masa CORNUCOPIA KN551 CORNUCOPIA KN500 CORNUCOPIA\u00ae KN600 Rheon Automatic Machinery desarrolla, fabrica y suministra una amplia gama de m\u00e1quinas de procesamiento de alimentos de alta calidad a sistemas de f\u00e1bricas en todo el mundo. Son el primer desarrollador del mundo de una l\u00ednea de producci\u00f3n de croissant totalmente automatizada [&hellip;]<\/p>\n","protected":false},"author":1,"featured_media":0,"parent":0,"menu_order":0,"comment_status":"closed","ping_status":"closed","template":"","meta":{"_acf_changed":false,"footnotes":""},"class_list":["post-1775","page","type-page","status-publish","hentry"],"acf":[],"_links":{"self":[{"href":"https:\/\/rehmex.mx\/en\/wp-json\/wp\/v2\/pages\/1775"}],"collection":[{"href":"https:\/\/rehmex.mx\/en\/wp-json\/wp\/v2\/pages"}],"about":[{"href":"https:\/\/rehmex.mx\/en\/wp-json\/wp\/v2\/types\/page"}],"author":[{"embeddable":true,"href":"https:\/\/rehmex.mx\/en\/wp-json\/wp\/v2\/users\/1"}],"replies":[{"embeddable":true,"href":"https:\/\/rehmex.mx\/en\/wp-json\/wp\/v2\/comments?post=1775"}],"version-history":[{"count":16,"href":"https:\/\/rehmex.mx\/en\/wp-json\/wp\/v2\/pages\/1775\/revisions"}],"predecessor-version":[{"id":1794,"href":"https:\/\/rehmex.mx\/en\/wp-json\/wp\/v2\/pages\/1775\/revisions\/1794"}],"wp:attachment":[{"href":"https:\/\/rehmex.mx\/en\/wp-json\/wp\/v2\/media?parent=1775"}],"curies":[{"name":"wp","href":"https:\/\/api.w.org\/{rel}","templated":true}]}}