{"id":1807,"date":"2023-09-13T00:16:56","date_gmt":"2023-09-13T06:16:56","guid":{"rendered":"https:\/\/rehmex.mx\/?page_id=1807"},"modified":"2023-09-13T00:27:38","modified_gmt":"2023-09-13T06:27:38","slug":"sefar","status":"publish","type":"page","link":"https:\/\/rehmex.mx\/en\/sefar\/","title":{"rendered":"Sefar"},"content":{"rendered":"<div data-elementor-type=\"wp-page\" data-elementor-id=\"1807\" class=\"elementor elementor-1807\">\n\t\t\t\t\t\t<section class=\"elementor-section elementor-top-section elementor-element elementor-element-d932bd0 elementor-section-boxed elementor-section-height-default elementor-section-height-default\" data-id=\"d932bd0\" data-element_type=\"section\" data-e-type=\"section\">\n\t\t\t\t\t\t<div class=\"elementor-container elementor-column-gap-default\">\n\t\t\t\t\t<div class=\"elementor-column elementor-col-100 elementor-top-column elementor-element elementor-element-219c8f8\" data-id=\"219c8f8\" data-element_type=\"column\" data-e-type=\"column\">\n\t\t\t<div class=\"elementor-widget-wrap elementor-element-populated\">\n\t\t\t\t\t\t<div class=\"elementor-element elementor-element-4ac77a0 elementor-widget elementor-widget-image\" data-id=\"4ac77a0\" data-element_type=\"widget\" data-e-type=\"widget\" data-widget_type=\"image.default\">\n\t\t\t\t<div class=\"elementor-widget-container\">\n\t\t\t\t\t\t\t\t\t\t\t\t\t\t\t<img decoding=\"async\" width=\"300\" height=\"81\" src=\"https:\/\/rehmex.mx\/wp-content\/uploads\/2018\/02\/sefar_logo-300x81.jpg\" class=\"attachment-medium size-medium wp-image-268\" alt=\"\" srcset=\"https:\/\/rehmex.mx\/wp-content\/uploads\/2018\/02\/sefar_logo-300x81.jpg 300w, https:\/\/rehmex.mx\/wp-content\/uploads\/2018\/02\/sefar_logo-260x70.jpg 260w, https:\/\/rehmex.mx\/wp-content\/uploads\/2018\/02\/sefar_logo-50x14.jpg 50w, https:\/\/rehmex.mx\/wp-content\/uploads\/2018\/02\/sefar_logo-150x41.jpg 150w, https:\/\/rehmex.mx\/wp-content\/uploads\/2018\/02\/sefar_logo.jpg 340w\" sizes=\"(max-width: 300px) 100vw, 300px\" \/>\t\t\t\t\t\t\t\t\t\t\t\t\t\t\t<\/div>\n\t\t\t\t<\/div>\n\t\t\t\t<div class=\"elementor-element elementor-element-0c7520d elementor-widget elementor-widget-image\" data-id=\"0c7520d\" data-element_type=\"widget\" data-e-type=\"widget\" data-widget_type=\"image.default\">\n\t\t\t\t<div class=\"elementor-widget-container\">\n\t\t\t\t\t\t\t\t\t\t\t\t\t\t\t<img fetchpriority=\"high\" decoding=\"async\" width=\"980\" height=\"250\" src=\"https:\/\/rehmex.mx\/wp-content\/uploads\/2018\/02\/sefar_imasup.jpg\" class=\"attachment-full size-full wp-image-274\" alt=\"\" srcset=\"https:\/\/rehmex.mx\/wp-content\/uploads\/2018\/02\/sefar_imasup.jpg 980w, https:\/\/rehmex.mx\/wp-content\/uploads\/2018\/02\/sefar_imasup-300x77.jpg 300w, https:\/\/rehmex.mx\/wp-content\/uploads\/2018\/02\/sefar_imasup-768x196.jpg 768w, https:\/\/rehmex.mx\/wp-content\/uploads\/2018\/02\/sefar_imasup-260x66.jpg 260w, https:\/\/rehmex.mx\/wp-content\/uploads\/2018\/02\/sefar_imasup-50x13.jpg 50w, https:\/\/rehmex.mx\/wp-content\/uploads\/2018\/02\/sefar_imasup-150x38.jpg 150w\" sizes=\"(max-width: 980px) 100vw, 980px\" \/>\t\t\t\t\t\t\t\t\t\t\t\t\t\t\t<\/div>\n\t\t\t\t<\/div>\n\t\t\t\t\t<\/div>\n\t\t<\/div>\n\t\t\t\t\t<\/div>\n\t\t<\/section>\n\t\t\t\t<section class=\"elementor-section elementor-top-section elementor-element elementor-element-bd79225 elementor-section-boxed elementor-section-height-default elementor-section-height-default\" data-id=\"bd79225\" data-element_type=\"section\" data-e-type=\"section\">\n\t\t\t\t\t\t<div class=\"elementor-container elementor-column-gap-default\">\n\t\t\t\t\t<div class=\"elementor-column elementor-col-50 elementor-top-column elementor-element elementor-element-e832bd8\" data-id=\"e832bd8\" data-element_type=\"column\" data-e-type=\"column\">\n\t\t\t<div class=\"elementor-widget-wrap elementor-element-populated\">\n\t\t\t\t\t\t<section class=\"elementor-section elementor-inner-section elementor-element elementor-element-a460097 elementor-section-boxed elementor-section-height-default elementor-section-height-default\" data-id=\"a460097\" data-element_type=\"section\" data-e-type=\"section\">\n\t\t\t\t\t\t<div class=\"elementor-container elementor-column-gap-default\">\n\t\t\t\t\t<div class=\"elementor-column elementor-col-25 elementor-inner-column elementor-element elementor-element-cc67434\" data-id=\"cc67434\" data-element_type=\"column\" data-e-type=\"column\">\n\t\t\t<div class=\"elementor-widget-wrap elementor-element-populated\">\n\t\t\t\t\t\t<div class=\"elementor-element elementor-element-c8d9cf4 elementor-position-top elementor-widget elementor-widget-image-box\" data-id=\"c8d9cf4\" data-element_type=\"widget\" data-e-type=\"widget\" data-widget_type=\"image-box.default\">\n\t\t\t\t<div class=\"elementor-widget-container\">\n\t\t\t\t\t<div class=\"elementor-image-box-wrapper\"><figure class=\"elementor-image-box-img\"><a href=\"http:\/\/www.revent.com\/es\" tabindex=\"-1\"><img decoding=\"async\" width=\"529\" height=\"350\" src=\"https:\/\/rehmex.mx\/wp-content\/uploads\/2018\/02\/sistema-tensado.jpg\" class=\"elementor-animation-wobble-vertical attachment-full size-full wp-image-762\" alt=\"\" srcset=\"https:\/\/rehmex.mx\/wp-content\/uploads\/2018\/02\/sistema-tensado.jpg 529w, https:\/\/rehmex.mx\/wp-content\/uploads\/2018\/02\/sistema-tensado-300x198.jpg 300w, https:\/\/rehmex.mx\/wp-content\/uploads\/2018\/02\/sistema-tensado-221x146.jpg 221w, https:\/\/rehmex.mx\/wp-content\/uploads\/2018\/02\/sistema-tensado-50x33.jpg 50w, https:\/\/rehmex.mx\/wp-content\/uploads\/2018\/02\/sistema-tensado-113x75.jpg 113w\" sizes=\"(max-width: 529px) 100vw, 529px\" \/><\/a><\/figure><div class=\"elementor-image-box-content\"><h3 class=\"elementor-image-box-title\"><a href=\"http:\/\/www.revent.com\/es\">Sistema de tensado PNMAPP<\/a><\/h3><\/div><\/div>\t\t\t\t<\/div>\n\t\t\t\t<\/div>\n\t\t\t\t\t<\/div>\n\t\t<\/div>\n\t\t\t\t<div class=\"elementor-column elementor-col-25 elementor-inner-column elementor-element elementor-element-d49e17a\" data-id=\"d49e17a\" data-element_type=\"column\" data-e-type=\"column\">\n\t\t\t<div class=\"elementor-widget-wrap elementor-element-populated\">\n\t\t\t\t\t\t<div class=\"elementor-element elementor-element-bb79414 elementor-position-top elementor-widget elementor-widget-image-box\" data-id=\"bb79414\" data-element_type=\"widget\" data-e-type=\"widget\" data-widget_type=\"image-box.default\">\n\t\t\t\t<div class=\"elementor-widget-container\">\n\t\t\t\t\t<div class=\"elementor-image-box-wrapper\"><figure class=\"elementor-image-box-img\"><a href=\"https:\/\/www.sefar.com\/\" tabindex=\"-1\"><img loading=\"lazy\" decoding=\"async\" width=\"720\" height=\"960\" src=\"https:\/\/rehmex.mx\/wp-content\/uploads\/2018\/02\/Tecnocheck-100r.jpg\" class=\"elementor-animation-wobble-vertical attachment-full size-full wp-image-756\" alt=\"\" srcset=\"https:\/\/rehmex.mx\/wp-content\/uploads\/2018\/02\/Tecnocheck-100r.jpg 720w, https:\/\/rehmex.mx\/wp-content\/uploads\/2018\/02\/Tecnocheck-100r-225x300.jpg 225w, https:\/\/rehmex.mx\/wp-content\/uploads\/2018\/02\/Tecnocheck-100r-110x146.jpg 110w, https:\/\/rehmex.mx\/wp-content\/uploads\/2018\/02\/Tecnocheck-100r-38x50.jpg 38w, https:\/\/rehmex.mx\/wp-content\/uploads\/2018\/02\/Tecnocheck-100r-56x75.jpg 56w\" sizes=\"(max-width: 720px) 100vw, 720px\" \/><\/a><\/figure><div class=\"elementor-image-box-content\"><h3 class=\"elementor-image-box-title\"><a href=\"https:\/\/www.sefar.com\/\">Tensocheck 100-R<\/a><\/h3><\/div><\/div>\t\t\t\t<\/div>\n\t\t\t\t<\/div>\n\t\t\t\t\t<\/div>\n\t\t<\/div>\n\t\t\t\t<div class=\"elementor-column elementor-col-25 elementor-inner-column elementor-element elementor-element-b072cbb\" data-id=\"b072cbb\" data-element_type=\"column\" data-e-type=\"column\">\n\t\t\t<div class=\"elementor-widget-wrap elementor-element-populated\">\n\t\t\t\t\t\t<div class=\"elementor-element elementor-element-97893d3 elementor-position-top elementor-widget elementor-widget-image-box\" data-id=\"97893d3\" data-element_type=\"widget\" data-e-type=\"widget\" data-widget_type=\"image-box.default\">\n\t\t\t\t<div class=\"elementor-widget-container\">\n\t\t\t\t\t<div class=\"elementor-image-box-wrapper\"><figure class=\"elementor-image-box-img\"><a href=\"https:\/\/www.sefar.com\/\" tabindex=\"-1\"><img loading=\"lazy\" decoding=\"async\" width=\"529\" height=\"378\" src=\"https:\/\/rehmex.mx\/wp-content\/uploads\/2018\/02\/PA-Milling.jpg\" class=\"elementor-animation-wobble-vertical attachment-full size-full wp-image-760\" alt=\"\" srcset=\"https:\/\/rehmex.mx\/wp-content\/uploads\/2018\/02\/PA-Milling.jpg 529w, https:\/\/rehmex.mx\/wp-content\/uploads\/2018\/02\/PA-Milling-300x214.jpg 300w, https:\/\/rehmex.mx\/wp-content\/uploads\/2018\/02\/PA-Milling-204x146.jpg 204w, https:\/\/rehmex.mx\/wp-content\/uploads\/2018\/02\/PA-Milling-50x36.jpg 50w, https:\/\/rehmex.mx\/wp-content\/uploads\/2018\/02\/PA-Milling-105x75.jpg 105w\" sizes=\"(max-width: 529px) 100vw, 529px\" \/><\/a><\/figure><div class=\"elementor-image-box-content\"><h3 class=\"elementor-image-box-title\"><a href=\"https:\/\/www.sefar.com\/\">PA Milling<\/a><\/h3><\/div><\/div>\t\t\t\t<\/div>\n\t\t\t\t<\/div>\n\t\t\t\t\t<\/div>\n\t\t<\/div>\n\t\t\t\t<div class=\"elementor-column elementor-col-25 elementor-inner-column elementor-element elementor-element-ea560d9\" data-id=\"ea560d9\" data-element_type=\"column\" data-e-type=\"column\">\n\t\t\t<div class=\"elementor-widget-wrap elementor-element-populated\">\n\t\t\t\t\t\t<div class=\"elementor-element elementor-element-243b88b elementor-position-top elementor-widget elementor-widget-image-box\" data-id=\"243b88b\" data-element_type=\"widget\" data-e-type=\"widget\" data-widget_type=\"image-box.default\">\n\t\t\t\t<div class=\"elementor-widget-container\">\n\t\t\t\t\t<div class=\"elementor-image-box-wrapper\"><figure class=\"elementor-image-box-img\"><a href=\"https:\/\/www.sefar.com\/\" tabindex=\"-1\"><img loading=\"lazy\" decoding=\"async\" width=\"364\" height=\"251\" src=\"https:\/\/rehmex.mx\/wp-content\/uploads\/2018\/02\/Nytal-PAMF.jpg\" class=\"elementor-animation-wobble-vertical attachment-full size-full wp-image-763\" alt=\"\" srcset=\"https:\/\/rehmex.mx\/wp-content\/uploads\/2018\/02\/Nytal-PAMF.jpg 364w, https:\/\/rehmex.mx\/wp-content\/uploads\/2018\/02\/Nytal-PAMF-300x207.jpg 300w, https:\/\/rehmex.mx\/wp-content\/uploads\/2018\/02\/Nytal-PAMF-212x146.jpg 212w, https:\/\/rehmex.mx\/wp-content\/uploads\/2018\/02\/Nytal-PAMF-50x34.jpg 50w, https:\/\/rehmex.mx\/wp-content\/uploads\/2018\/02\/Nytal-PAMF-109x75.jpg 109w\" sizes=\"(max-width: 364px) 100vw, 364px\" \/><\/a><\/figure><div class=\"elementor-image-box-content\"><h3 class=\"elementor-image-box-title\"><a href=\"https:\/\/www.sefar.com\/\">Nytal PA-MF<\/a><\/h3><\/div><\/div>\t\t\t\t<\/div>\n\t\t\t\t<\/div>\n\t\t\t\t\t<\/div>\n\t\t<\/div>\n\t\t\t\t\t<\/div>\n\t\t<\/section>\n\t\t\t\t<section class=\"elementor-section elementor-inner-section elementor-element elementor-element-744fe1e elementor-section-boxed elementor-section-height-default elementor-section-height-default\" data-id=\"744fe1e\" data-element_type=\"section\" data-e-type=\"section\">\n\t\t\t\t\t\t<div class=\"elementor-container elementor-column-gap-default\">\n\t\t\t\t\t<div class=\"elementor-column elementor-col-25 elementor-inner-column elementor-element elementor-element-3ac7b1d\" data-id=\"3ac7b1d\" data-element_type=\"column\" data-e-type=\"column\">\n\t\t\t<div class=\"elementor-widget-wrap elementor-element-populated\">\n\t\t\t\t\t\t<div class=\"elementor-element elementor-element-b5ea8df elementor-position-top elementor-widget elementor-widget-image-box\" data-id=\"b5ea8df\" data-element_type=\"widget\" data-e-type=\"widget\" data-widget_type=\"image-box.default\">\n\t\t\t\t<div class=\"elementor-widget-container\">\n\t\t\t\t\t<div class=\"elementor-image-box-wrapper\"><figure class=\"elementor-image-box-img\"><a href=\"https:\/\/www.sefar.com\/\" tabindex=\"-1\"><img loading=\"lazy\" decoding=\"async\" width=\"529\" height=\"375\" src=\"https:\/\/rehmex.mx\/wp-content\/uploads\/2018\/02\/mangas-conectoras.jpg\" class=\"elementor-animation-wobble-vertical attachment-full size-full wp-image-758\" alt=\"\" srcset=\"https:\/\/rehmex.mx\/wp-content\/uploads\/2018\/02\/mangas-conectoras.jpg 529w, https:\/\/rehmex.mx\/wp-content\/uploads\/2018\/02\/mangas-conectoras-300x213.jpg 300w, https:\/\/rehmex.mx\/wp-content\/uploads\/2018\/02\/mangas-conectoras-206x146.jpg 206w, https:\/\/rehmex.mx\/wp-content\/uploads\/2018\/02\/mangas-conectoras-50x35.jpg 50w, https:\/\/rehmex.mx\/wp-content\/uploads\/2018\/02\/mangas-conectoras-106x75.jpg 106w\" sizes=\"(max-width: 529px) 100vw, 529px\" \/><\/a><\/figure><div class=\"elementor-image-box-content\"><h3 class=\"elementor-image-box-title\"><a href=\"https:\/\/www.sefar.com\/\">Mangas conectoras<\/a><\/h3><\/div><\/div>\t\t\t\t<\/div>\n\t\t\t\t<\/div>\n\t\t\t\t\t<\/div>\n\t\t<\/div>\n\t\t\t\t<div class=\"elementor-column elementor-col-25 elementor-inner-column elementor-element elementor-element-b734767\" data-id=\"b734767\" data-element_type=\"column\" data-e-type=\"column\">\n\t\t\t<div class=\"elementor-widget-wrap elementor-element-populated\">\n\t\t\t\t\t\t<div class=\"elementor-element elementor-element-8c8c965 elementor-position-top elementor-widget elementor-widget-image-box\" data-id=\"8c8c965\" data-element_type=\"widget\" data-e-type=\"widget\" data-widget_type=\"image-box.default\">\n\t\t\t\t<div class=\"elementor-widget-container\">\n\t\t\t\t\t<div class=\"elementor-image-box-wrapper\"><figure class=\"elementor-image-box-img\"><a href=\"https:\/\/www.sefar.com\/\" tabindex=\"-1\"><img loading=\"lazy\" decoding=\"async\" width=\"620\" height=\"457\" src=\"https:\/\/rehmex.mx\/wp-content\/uploads\/2018\/02\/malla-metalica.jpg\" class=\"elementor-animation-wobble-vertical attachment-full size-full wp-image-757\" alt=\"\" srcset=\"https:\/\/rehmex.mx\/wp-content\/uploads\/2018\/02\/malla-metalica.jpg 620w, https:\/\/rehmex.mx\/wp-content\/uploads\/2018\/02\/malla-metalica-300x221.jpg 300w, https:\/\/rehmex.mx\/wp-content\/uploads\/2018\/02\/malla-metalica-198x146.jpg 198w, https:\/\/rehmex.mx\/wp-content\/uploads\/2018\/02\/malla-metalica-50x37.jpg 50w, https:\/\/rehmex.mx\/wp-content\/uploads\/2018\/02\/malla-metalica-102x75.jpg 102w\" sizes=\"(max-width: 620px) 100vw, 620px\" \/><\/a><\/figure><div class=\"elementor-image-box-content\"><h3 class=\"elementor-image-box-title\"><a href=\"https:\/\/www.sefar.com\/\">Malla met\u00e1lica<\/a><\/h3><\/div><\/div>\t\t\t\t<\/div>\n\t\t\t\t<\/div>\n\t\t\t\t\t<\/div>\n\t\t<\/div>\n\t\t\t\t<div class=\"elementor-column elementor-col-25 elementor-inner-column elementor-element elementor-element-75861ae\" data-id=\"75861ae\" data-element_type=\"column\" data-e-type=\"column\">\n\t\t\t<div class=\"elementor-widget-wrap elementor-element-populated\">\n\t\t\t\t\t\t<div class=\"elementor-element elementor-element-41cf0bb elementor-position-top elementor-widget elementor-widget-image-box\" data-id=\"41cf0bb\" data-element_type=\"widget\" data-e-type=\"widget\" data-widget_type=\"image-box.default\">\n\t\t\t\t<div class=\"elementor-widget-container\">\n\t\t\t\t\t<div class=\"elementor-image-box-wrapper\"><figure class=\"elementor-image-box-img\"><a href=\"https:\/\/www.sefar.com\/\" tabindex=\"-1\"><img loading=\"lazy\" decoding=\"async\" width=\"529\" height=\"379\" src=\"https:\/\/rehmex.mx\/wp-content\/uploads\/2018\/02\/Nytal-PAGG.jpg\" class=\"elementor-animation-wobble-vertical attachment-full size-full wp-image-759\" alt=\"\" srcset=\"https:\/\/rehmex.mx\/wp-content\/uploads\/2018\/02\/Nytal-PAGG.jpg 529w, https:\/\/rehmex.mx\/wp-content\/uploads\/2018\/02\/Nytal-PAGG-300x215.jpg 300w, https:\/\/rehmex.mx\/wp-content\/uploads\/2018\/02\/Nytal-PAGG-204x146.jpg 204w, https:\/\/rehmex.mx\/wp-content\/uploads\/2018\/02\/Nytal-PAGG-50x36.jpg 50w, https:\/\/rehmex.mx\/wp-content\/uploads\/2018\/02\/Nytal-PAGG-105x75.jpg 105w\" sizes=\"(max-width: 529px) 100vw, 529px\" \/><\/a><\/figure><div class=\"elementor-image-box-content\"><h3 class=\"elementor-image-box-title\"><a href=\"https:\/\/www.sefar.com\/\">Nytal PA-GG<\/a><\/h3><\/div><\/div>\t\t\t\t<\/div>\n\t\t\t\t<\/div>\n\t\t\t\t\t<\/div>\n\t\t<\/div>\n\t\t\t\t<div class=\"elementor-column elementor-col-25 elementor-inner-column elementor-element elementor-element-3d9bf3e\" data-id=\"3d9bf3e\" data-element_type=\"column\" data-e-type=\"column\">\n\t\t\t<div class=\"elementor-widget-wrap\">\n\t\t\t\t\t\t\t<\/div>\n\t\t<\/div>\n\t\t\t\t\t<\/div>\n\t\t<\/section>\n\t\t\t\t\t<\/div>\n\t\t<\/div>\n\t\t\t\t<div class=\"elementor-column elementor-col-50 elementor-top-column elementor-element elementor-element-c614aaa\" data-id=\"c614aaa\" data-element_type=\"column\" data-e-type=\"column\">\n\t\t\t<div class=\"elementor-widget-wrap elementor-element-populated\">\n\t\t\t\t\t\t<div class=\"elementor-element elementor-element-196383e elementor-widget elementor-widget-text-editor\" data-id=\"196383e\" data-element_type=\"widget\" data-e-type=\"widget\" data-widget_type=\"text-editor.default\">\n\t\t\t\t<div class=\"elementor-widget-container\">\n\t\t\t\t\t\t\t\t\t<p>Sefar es l\u00edder en la fabricaci\u00f3n de tejidos de precisi\u00f3n a partir de monofilamentos para el mercado de la serigraf\u00eda y la filtraci\u00f3n. Los productos de Sefar se utilizan en una amplia variedad de industrias, que van desde la electr\u00f3nica, el dise\u00f1o gr\u00e1fico, la medicina, la automotriz, la alimenticia y la farmac\u00e9utica hasta aplicaciones para la industria aeroespacial, la miner\u00eda y refiner\u00eda y la arquitectura. Gracias a sus profundos conocimientos de todos estos sectores, Sefar ayuda a sus clientes a lograr resultados \u00f3ptimos en sus procesos industriales.<\/p>\t\t\t\t\t\t\t\t<\/div>\n\t\t\t\t<\/div>\n\t\t\t\t<div class=\"elementor-element elementor-element-af1720f elementor-widget elementor-widget-heading\" data-id=\"af1720f\" data-element_type=\"widget\" data-e-type=\"widget\" data-widget_type=\"heading.default\">\n\t\t\t\t<div class=\"elementor-widget-container\">\n\t\t\t\t\t<h2 class=\"elementor-heading-title elementor-size-default\">Proveedor<\/h2>\t\t\t\t<\/div>\n\t\t\t\t<\/div>\n\t\t\t\t<div class=\"elementor-element elementor-element-bc46d55 elementor-view-stacked elementor-position-inline-start elementor-shape-circle elementor-mobile-position-block-start elementor-widget elementor-widget-icon-box\" data-id=\"bc46d55\" data-element_type=\"widget\" data-e-type=\"widget\" data-widget_type=\"icon-box.default\">\n\t\t\t\t<div class=\"elementor-widget-container\">\n\t\t\t\t\t\t\t<div class=\"elementor-icon-box-wrapper\">\n\n\t\t\t\t\t\t<div class=\"elementor-icon-box-icon\">\n\t\t\t\t<span  class=\"elementor-icon\">\n\t\t\t\t<i aria-hidden=\"true\" class=\"far fa-building\"><\/i>\t\t\t\t<\/span>\n\t\t\t<\/div>\n\t\t\t\n\t\t\t\t\t\t<div class=\"elementor-icon-box-content\">\n\n\t\t\t\t\t\t\t\t\t<h3 class=\"elementor-icon-box-title\">\n\t\t\t\t\t\t<span  >\n\t\t\t\t\t\t\tSefar\t\t\t\t\t\t<\/span>\n\t\t\t\t\t<\/h3>\n\t\t\t\t\n\t\t\t\t\n\t\t\t<\/div>\n\t\t\t\n\t\t<\/div>\n\t\t\t\t\t\t<\/div>\n\t\t\t\t<\/div>\n\t\t\t\t<div class=\"elementor-element elementor-element-954108d elementor-widget elementor-widget-heading\" data-id=\"954108d\" data-element_type=\"widget\" data-e-type=\"widget\" data-widget_type=\"heading.default\">\n\t\t\t\t<div class=\"elementor-widget-container\">\n\t\t\t\t\t<h2 class=\"elementor-heading-title elementor-size-default\">Website<\/h2>\t\t\t\t<\/div>\n\t\t\t\t<\/div>\n\t\t\t\t<div class=\"elementor-element elementor-element-7df6114 elementor-view-stacked elementor-position-inline-start elementor-shape-circle elementor-mobile-position-block-start elementor-widget elementor-widget-icon-box\" data-id=\"7df6114\" data-element_type=\"widget\" data-e-type=\"widget\" data-widget_type=\"icon-box.default\">\n\t\t\t\t<div class=\"elementor-widget-container\">\n\t\t\t\t\t\t\t<div class=\"elementor-icon-box-wrapper\">\n\n\t\t\t\t\t\t<div class=\"elementor-icon-box-icon\">\n\t\t\t\t<a href=\"https:\/\/www.sefar.mx\/es\/\" class=\"elementor-icon\" tabindex=\"-1\" aria-label=\"Ver sitio web\">\n\t\t\t\t<i aria-hidden=\"true\" class=\"far fa-building\"><\/i>\t\t\t\t<\/a>\n\t\t\t<\/div>\n\t\t\t\n\t\t\t\t\t\t<div class=\"elementor-icon-box-content\">\n\n\t\t\t\t\t\t\t\t\t<h3 class=\"elementor-icon-box-title\">\n\t\t\t\t\t\t<a href=\"https:\/\/www.sefar.mx\/es\/\" >\n\t\t\t\t\t\t\tVer sitio web\t\t\t\t\t\t<\/a>\n\t\t\t\t\t<\/h3>\n\t\t\t\t\n\t\t\t\t\n\t\t\t<\/div>\n\t\t\t\n\t\t<\/div>\n\t\t\t\t\t\t<\/div>\n\t\t\t\t<\/div>\n\t\t\t\t<div class=\"elementor-element elementor-element-a94ec39 elementor-widget elementor-widget-heading\" data-id=\"a94ec39\" data-element_type=\"widget\" data-e-type=\"widget\" data-widget_type=\"heading.default\">\n\t\t\t\t<div class=\"elementor-widget-container\">\n\t\t\t\t\t<h2 class=\"elementor-heading-title elementor-size-default\">Website<\/h2>\t\t\t\t<\/div>\n\t\t\t\t<\/div>\n\t\t\t\t<div class=\"elementor-element elementor-element-2249b78 elementor-view-stacked elementor-position-inline-start elementor-shape-circle elementor-mobile-position-block-start elementor-widget elementor-widget-icon-box\" data-id=\"2249b78\" data-element_type=\"widget\" data-e-type=\"widget\" data-widget_type=\"icon-box.default\">\n\t\t\t\t<div class=\"elementor-widget-container\">\n\t\t\t\t\t\t\t<div class=\"elementor-icon-box-wrapper\">\n\n\t\t\t\t\t\t<div class=\"elementor-icon-box-icon\">\n\t\t\t\t<a href=\"https:\/\/www.sefar.mx\/es\/828\/Filtraci%C3%B3n-de-Proceso.htm?LP=processfiltration\" class=\"elementor-icon\" tabindex=\"-1\" aria-label=\"Ver cat\u00e1logo de productos\">\n\t\t\t\t<i aria-hidden=\"true\" class=\"far fa-building\"><\/i>\t\t\t\t<\/a>\n\t\t\t<\/div>\n\t\t\t\n\t\t\t\t\t\t<div class=\"elementor-icon-box-content\">\n\n\t\t\t\t\t\t\t\t\t<h3 class=\"elementor-icon-box-title\">\n\t\t\t\t\t\t<a href=\"https:\/\/www.sefar.mx\/es\/828\/Filtraci%C3%B3n-de-Proceso.htm?LP=processfiltration\" >\n\t\t\t\t\t\t\tVer cat\u00e1logo de productos\t\t\t\t\t\t<\/a>\n\t\t\t\t\t<\/h3>\n\t\t\t\t\n\t\t\t\t\n\t\t\t<\/div>\n\t\t\t\n\t\t<\/div>\n\t\t\t\t\t\t<\/div>\n\t\t\t\t<\/div>\n\t\t\t\t<div class=\"elementor-element elementor-element-61bdc3a elementor-widget elementor-widget-heading\" data-id=\"61bdc3a\" data-element_type=\"widget\" data-e-type=\"widget\" data-widget_type=\"heading.default\">\n\t\t\t\t<div class=\"elementor-widget-container\">\n\t\t\t\t\t<h2 class=\"elementor-heading-title elementor-size-default\">Se especializa en<\/h2>\t\t\t\t<\/div>\n\t\t\t\t<\/div>\n\t\t\t\t<div class=\"elementor-element elementor-element-e0579a0 elementor-view-stacked elementor-position-inline-start elementor-shape-circle elementor-mobile-position-block-start elementor-widget elementor-widget-icon-box\" data-id=\"e0579a0\" data-element_type=\"widget\" data-e-type=\"widget\" data-widget_type=\"icon-box.default\">\n\t\t\t\t<div class=\"elementor-widget-container\">\n\t\t\t\t\t\t\t<div class=\"elementor-icon-box-wrapper\">\n\n\t\t\t\t\t\t<div class=\"elementor-icon-box-icon\">\n\t\t\t\t<span  class=\"elementor-icon\">\n\t\t\t\t<i aria-hidden=\"true\" class=\"far fa-building\"><\/i>\t\t\t\t<\/span>\n\t\t\t<\/div>\n\t\t\t\n\t\t\t\t\t\t<div class=\"elementor-icon-box-content\">\n\n\t\t\t\t\t\t\t\t\t<h3 class=\"elementor-icon-box-title\">\n\t\t\t\t\t\t<span  >\n\t\t\t\t\t\t\t Fabricaci\u00f3n de tejidos de precisi\u00f3n para serigraf\u00eda y filtraci\u00f3n\t\t\t\t\t\t<\/span>\n\t\t\t\t\t<\/h3>\n\t\t\t\t\n\t\t\t\t\n\t\t\t<\/div>\n\t\t\t\n\t\t<\/div>\n\t\t\t\t\t\t<\/div>\n\t\t\t\t<\/div>\n\t\t\t\t\t<\/div>\n\t\t<\/div>\n\t\t\t\t\t<\/div>\n\t\t<\/section>\n\t\t\t\t<\/div>","protected":false},"excerpt":{"rendered":"<p>Sistema de tensado PNMAPP Tensocheck 100-R PA Milling Nytal PA-MF Mangas conectoras Malla met\u00e1lica Nytal PA-GG Sefar es l\u00edder en la fabricaci\u00f3n de tejidos de precisi\u00f3n a partir de monofilamentos para el mercado de la serigraf\u00eda y la filtraci\u00f3n. Los productos de Sefar se utilizan en una amplia variedad de industrias, que van desde la [&hellip;]<\/p>\n","protected":false},"author":1,"featured_media":0,"parent":0,"menu_order":0,"comment_status":"closed","ping_status":"closed","template":"","meta":{"_acf_changed":false,"footnotes":""},"class_list":["post-1807","page","type-page","status-publish","hentry"],"acf":[],"_links":{"self":[{"href":"https:\/\/rehmex.mx\/en\/wp-json\/wp\/v2\/pages\/1807"}],"collection":[{"href":"https:\/\/rehmex.mx\/en\/wp-json\/wp\/v2\/pages"}],"about":[{"href":"https:\/\/rehmex.mx\/en\/wp-json\/wp\/v2\/types\/page"}],"author":[{"embeddable":true,"href":"https:\/\/rehmex.mx\/en\/wp-json\/wp\/v2\/users\/1"}],"replies":[{"embeddable":true,"href":"https:\/\/rehmex.mx\/en\/wp-json\/wp\/v2\/comments?post=1807"}],"version-history":[{"count":16,"href":"https:\/\/rehmex.mx\/en\/wp-json\/wp\/v2\/pages\/1807\/revisions"}],"predecessor-version":[{"id":1826,"href":"https:\/\/rehmex.mx\/en\/wp-json\/wp\/v2\/pages\/1807\/revisions\/1826"}],"wp:attachment":[{"href":"https:\/\/rehmex.mx\/en\/wp-json\/wp\/v2\/media?parent=1807"}],"curies":[{"name":"wp","href":"https:\/\/api.w.org\/{rel}","templated":true}]}}