{"id":1850,"date":"2023-09-13T00:42:00","date_gmt":"2023-09-13T06:42:00","guid":{"rendered":"https:\/\/rehmex.mx\/?page_id=1850"},"modified":"2023-09-13T00:51:09","modified_gmt":"2023-09-13T06:51:09","slug":"woody","status":"publish","type":"page","link":"https:\/\/rehmex.mx\/en\/woody\/","title":{"rendered":"Woody"},"content":{"rendered":"<div data-elementor-type=\"wp-page\" data-elementor-id=\"1850\" class=\"elementor elementor-1850\">\n\t\t\t\t\t\t<section class=\"elementor-section elementor-top-section elementor-element elementor-element-d932bd0 elementor-section-boxed elementor-section-height-default elementor-section-height-default\" data-id=\"d932bd0\" data-element_type=\"section\" data-e-type=\"section\">\n\t\t\t\t\t\t<div class=\"elementor-container elementor-column-gap-default\">\n\t\t\t\t\t<div class=\"elementor-column elementor-col-100 elementor-top-column elementor-element elementor-element-219c8f8\" data-id=\"219c8f8\" data-element_type=\"column\" data-e-type=\"column\">\n\t\t\t<div class=\"elementor-widget-wrap elementor-element-populated\">\n\t\t\t\t\t\t<div class=\"elementor-element elementor-element-4ac77a0 elementor-widget elementor-widget-image\" data-id=\"4ac77a0\" data-element_type=\"widget\" data-e-type=\"widget\" data-widget_type=\"image.default\">\n\t\t\t\t<div class=\"elementor-widget-container\">\n\t\t\t\t\t\t\t\t\t\t\t\t\t\t\t<img decoding=\"async\" width=\"300\" height=\"136\" src=\"https:\/\/rehmex.mx\/wp-content\/uploads\/2018\/02\/woody_logo-300x136.jpg\" class=\"attachment-medium size-medium wp-image-260\" alt=\"\" srcset=\"https:\/\/rehmex.mx\/wp-content\/uploads\/2018\/02\/woody_logo.jpg 300w, https:\/\/rehmex.mx\/wp-content\/uploads\/2018\/02\/woody_logo-260x118.jpg 260w, https:\/\/rehmex.mx\/wp-content\/uploads\/2018\/02\/woody_logo-50x23.jpg 50w, https:\/\/rehmex.mx\/wp-content\/uploads\/2018\/02\/woody_logo-150x68.jpg 150w\" sizes=\"(max-width: 300px) 100vw, 300px\" \/>\t\t\t\t\t\t\t\t\t\t\t\t\t\t\t<\/div>\n\t\t\t\t<\/div>\n\t\t\t\t<div class=\"elementor-element elementor-element-0c7520d elementor-widget elementor-widget-image\" data-id=\"0c7520d\" data-element_type=\"widget\" data-e-type=\"widget\" data-widget_type=\"image.default\">\n\t\t\t\t<div class=\"elementor-widget-container\">\n\t\t\t\t\t\t\t\t\t\t\t\t\t\t\t<img fetchpriority=\"high\" decoding=\"async\" width=\"980\" height=\"484\" src=\"https:\/\/rehmex.mx\/wp-content\/uploads\/2018\/02\/woody.jpg\" class=\"attachment-full size-full wp-image-270\" alt=\"\" srcset=\"https:\/\/rehmex.mx\/wp-content\/uploads\/2018\/02\/woody.jpg 980w, https:\/\/rehmex.mx\/wp-content\/uploads\/2018\/02\/woody-300x148.jpg 300w, https:\/\/rehmex.mx\/wp-content\/uploads\/2018\/02\/woody-768x379.jpg 768w, https:\/\/rehmex.mx\/wp-content\/uploads\/2018\/02\/woody-260x128.jpg 260w, https:\/\/rehmex.mx\/wp-content\/uploads\/2018\/02\/woody-50x25.jpg 50w, https:\/\/rehmex.mx\/wp-content\/uploads\/2018\/02\/woody-150x75.jpg 150w\" sizes=\"(max-width: 980px) 100vw, 980px\" \/>\t\t\t\t\t\t\t\t\t\t\t\t\t\t\t<\/div>\n\t\t\t\t<\/div>\n\t\t\t\t\t<\/div>\n\t\t<\/div>\n\t\t\t\t\t<\/div>\n\t\t<\/section>\n\t\t\t\t<section class=\"elementor-section elementor-top-section elementor-element elementor-element-bd79225 elementor-section-boxed elementor-section-height-default elementor-section-height-default\" data-id=\"bd79225\" data-element_type=\"section\" data-e-type=\"section\">\n\t\t\t\t\t\t<div class=\"elementor-container elementor-column-gap-default\">\n\t\t\t\t\t<div class=\"elementor-column elementor-col-50 elementor-top-column elementor-element elementor-element-e832bd8\" data-id=\"e832bd8\" data-element_type=\"column\" data-e-type=\"column\">\n\t\t\t<div class=\"elementor-widget-wrap elementor-element-populated\">\n\t\t\t\t\t\t<section class=\"elementor-section elementor-inner-section elementor-element elementor-element-a460097 elementor-section-boxed elementor-section-height-default elementor-section-height-default\" data-id=\"a460097\" data-element_type=\"section\" data-e-type=\"section\">\n\t\t\t\t\t\t<div class=\"elementor-container elementor-column-gap-default\">\n\t\t\t\t\t<div class=\"elementor-column elementor-col-33 elementor-inner-column elementor-element elementor-element-cc67434\" data-id=\"cc67434\" data-element_type=\"column\" data-e-type=\"column\">\n\t\t\t<div class=\"elementor-widget-wrap elementor-element-populated\">\n\t\t\t\t\t\t<div class=\"elementor-element elementor-element-c8d9cf4 elementor-position-top elementor-widget elementor-widget-image-box\" data-id=\"c8d9cf4\" data-element_type=\"widget\" data-e-type=\"widget\" data-widget_type=\"image-box.default\">\n\t\t\t\t<div class=\"elementor-widget-container\">\n\t\t\t\t\t<div class=\"elementor-image-box-wrapper\"><figure class=\"elementor-image-box-img\"><a href=\"https:\/\/www.woody-decorators.com\/\" tabindex=\"-1\"><img decoding=\"async\" width=\"280\" height=\"280\" src=\"https:\/\/rehmex.mx\/wp-content\/uploads\/2018\/02\/01_ACERO-INOXIDABLE-AUTONOMA-1.jpg\" class=\"elementor-animation-wobble-vertical attachment-full size-full wp-image-277\" alt=\"\" srcset=\"https:\/\/rehmex.mx\/wp-content\/uploads\/2018\/02\/01_ACERO-INOXIDABLE-AUTONOMA-1.jpg 280w, https:\/\/rehmex.mx\/wp-content\/uploads\/2018\/02\/01_ACERO-INOXIDABLE-AUTONOMA-1-150x150.jpg 150w, https:\/\/rehmex.mx\/wp-content\/uploads\/2018\/02\/01_ACERO-INOXIDABLE-AUTONOMA-1-146x146.jpg 146w, https:\/\/rehmex.mx\/wp-content\/uploads\/2018\/02\/01_ACERO-INOXIDABLE-AUTONOMA-1-50x50.jpg 50w, https:\/\/rehmex.mx\/wp-content\/uploads\/2018\/02\/01_ACERO-INOXIDABLE-AUTONOMA-1-75x75.jpg 75w, https:\/\/rehmex.mx\/wp-content\/uploads\/2018\/02\/01_ACERO-INOXIDABLE-AUTONOMA-1-85x85.jpg 85w, https:\/\/rehmex.mx\/wp-content\/uploads\/2018\/02\/01_ACERO-INOXIDABLE-AUTONOMA-1-80x80.jpg 80w\" sizes=\"(max-width: 280px) 100vw, 280px\" \/><\/a><\/figure><div class=\"elementor-image-box-content\"><h3 class=\"elementor-image-box-title\"><a href=\"https:\/\/www.woody-decorators.com\/\">Acero Inoxidable Stringers<\/a><\/h3><\/div><\/div>\t\t\t\t<\/div>\n\t\t\t\t<\/div>\n\t\t\t\t\t<\/div>\n\t\t<\/div>\n\t\t\t\t<div class=\"elementor-column elementor-col-33 elementor-inner-column elementor-element elementor-element-d49e17a\" data-id=\"d49e17a\" data-element_type=\"column\" data-e-type=\"column\">\n\t\t\t<div class=\"elementor-widget-wrap elementor-element-populated\">\n\t\t\t\t\t\t<div class=\"elementor-element elementor-element-bb79414 elementor-position-top elementor-widget elementor-widget-image-box\" data-id=\"bb79414\" data-element_type=\"widget\" data-e-type=\"widget\" data-widget_type=\"image-box.default\">\n\t\t\t\t<div class=\"elementor-widget-container\">\n\t\t\t\t\t<div class=\"elementor-image-box-wrapper\"><figure class=\"elementor-image-box-img\"><a href=\"https:\/\/www.woody-decorators.com\/\" tabindex=\"-1\"><img loading=\"lazy\" decoding=\"async\" width=\"280\" height=\"280\" src=\"https:\/\/rehmex.mx\/wp-content\/uploads\/2018\/02\/02_COFITERIA-AUTONOMA-1.jpg\" class=\"elementor-animation-wobble-vertical attachment-full size-full wp-image-278\" alt=\"\" srcset=\"https:\/\/rehmex.mx\/wp-content\/uploads\/2018\/02\/02_COFITERIA-AUTONOMA-1.jpg 280w, https:\/\/rehmex.mx\/wp-content\/uploads\/2018\/02\/02_COFITERIA-AUTONOMA-1-150x150.jpg 150w, https:\/\/rehmex.mx\/wp-content\/uploads\/2018\/02\/02_COFITERIA-AUTONOMA-1-146x146.jpg 146w, https:\/\/rehmex.mx\/wp-content\/uploads\/2018\/02\/02_COFITERIA-AUTONOMA-1-50x50.jpg 50w, https:\/\/rehmex.mx\/wp-content\/uploads\/2018\/02\/02_COFITERIA-AUTONOMA-1-75x75.jpg 75w, https:\/\/rehmex.mx\/wp-content\/uploads\/2018\/02\/02_COFITERIA-AUTONOMA-1-85x85.jpg 85w, https:\/\/rehmex.mx\/wp-content\/uploads\/2018\/02\/02_COFITERIA-AUTONOMA-1-80x80.jpg 80w\" sizes=\"(max-width: 280px) 100vw, 280px\" \/><\/a><\/figure><div class=\"elementor-image-box-content\"><h3 class=\"elementor-image-box-title\"><a href=\"https:\/\/www.woody-decorators.com\/\">Confiter\u00eda Stringers<\/a><\/h3><\/div><\/div>\t\t\t\t<\/div>\n\t\t\t\t<\/div>\n\t\t\t\t\t<\/div>\n\t\t<\/div>\n\t\t\t\t<div class=\"elementor-column elementor-col-33 elementor-inner-column elementor-element elementor-element-b072cbb\" data-id=\"b072cbb\" data-element_type=\"column\" data-e-type=\"column\">\n\t\t\t<div class=\"elementor-widget-wrap elementor-element-populated\">\n\t\t\t\t\t\t<div class=\"elementor-element elementor-element-97893d3 elementor-position-top elementor-widget elementor-widget-image-box\" data-id=\"97893d3\" data-element_type=\"widget\" data-e-type=\"widget\" data-widget_type=\"image-box.default\">\n\t\t\t\t<div class=\"elementor-widget-container\">\n\t\t\t\t\t<div class=\"elementor-image-box-wrapper\"><figure class=\"elementor-image-box-img\"><a href=\"https:\/\/www.woody-decorators.com\/\" tabindex=\"-1\"><img loading=\"lazy\" decoding=\"async\" width=\"280\" height=\"280\" src=\"https:\/\/rehmex.mx\/wp-content\/uploads\/2018\/02\/03_SERVO-AUTONOMA-1.jpg\" class=\"elementor-animation-wobble-vertical attachment-full size-full wp-image-279\" alt=\"\" srcset=\"https:\/\/rehmex.mx\/wp-content\/uploads\/2018\/02\/03_SERVO-AUTONOMA-1.jpg 280w, https:\/\/rehmex.mx\/wp-content\/uploads\/2018\/02\/03_SERVO-AUTONOMA-1-150x150.jpg 150w, https:\/\/rehmex.mx\/wp-content\/uploads\/2018\/02\/03_SERVO-AUTONOMA-1-146x146.jpg 146w, https:\/\/rehmex.mx\/wp-content\/uploads\/2018\/02\/03_SERVO-AUTONOMA-1-50x50.jpg 50w, https:\/\/rehmex.mx\/wp-content\/uploads\/2018\/02\/03_SERVO-AUTONOMA-1-75x75.jpg 75w, https:\/\/rehmex.mx\/wp-content\/uploads\/2018\/02\/03_SERVO-AUTONOMA-1-85x85.jpg 85w, https:\/\/rehmex.mx\/wp-content\/uploads\/2018\/02\/03_SERVO-AUTONOMA-1-80x80.jpg 80w\" sizes=\"(max-width: 280px) 100vw, 280px\" \/><\/a><\/figure><div class=\"elementor-image-box-content\"><h3 class=\"elementor-image-box-title\"><a href=\"https:\/\/www.woody-decorators.com\/\">Servo Aut\u00f3noma<\/a><\/h3><\/div><\/div>\t\t\t\t<\/div>\n\t\t\t\t<\/div>\n\t\t\t\t\t<\/div>\n\t\t<\/div>\n\t\t\t\t\t<\/div>\n\t\t<\/section>\n\t\t\t\t<section class=\"elementor-section elementor-inner-section elementor-element elementor-element-b31cc5e elementor-section-boxed elementor-section-height-default elementor-section-height-default\" data-id=\"b31cc5e\" data-element_type=\"section\" data-e-type=\"section\">\n\t\t\t\t\t\t<div class=\"elementor-container elementor-column-gap-default\">\n\t\t\t\t\t<div class=\"elementor-column elementor-col-33 elementor-inner-column elementor-element elementor-element-965d6f3\" data-id=\"965d6f3\" data-element_type=\"column\" data-e-type=\"column\">\n\t\t\t<div class=\"elementor-widget-wrap elementor-element-populated\">\n\t\t\t\t\t\t<div class=\"elementor-element elementor-element-8b38f87 elementor-position-top elementor-widget elementor-widget-image-box\" data-id=\"8b38f87\" data-element_type=\"widget\" data-e-type=\"widget\" data-widget_type=\"image-box.default\">\n\t\t\t\t<div class=\"elementor-widget-container\">\n\t\t\t\t\t<div class=\"elementor-image-box-wrapper\"><figure class=\"elementor-image-box-img\"><a href=\"https:\/\/www.woody-decorators.com\/\" tabindex=\"-1\"><img loading=\"lazy\" decoding=\"async\" width=\"280\" height=\"280\" src=\"https:\/\/rehmex.mx\/wp-content\/uploads\/2018\/02\/04_LARGUEROS-ESECIOALES-1.jpg\" class=\"elementor-animation-wobble-vertical attachment-full size-full wp-image-280\" alt=\"\" srcset=\"https:\/\/rehmex.mx\/wp-content\/uploads\/2018\/02\/04_LARGUEROS-ESECIOALES-1.jpg 280w, https:\/\/rehmex.mx\/wp-content\/uploads\/2018\/02\/04_LARGUEROS-ESECIOALES-1-150x150.jpg 150w, https:\/\/rehmex.mx\/wp-content\/uploads\/2018\/02\/04_LARGUEROS-ESECIOALES-1-146x146.jpg 146w, https:\/\/rehmex.mx\/wp-content\/uploads\/2018\/02\/04_LARGUEROS-ESECIOALES-1-50x50.jpg 50w, https:\/\/rehmex.mx\/wp-content\/uploads\/2018\/02\/04_LARGUEROS-ESECIOALES-1-75x75.jpg 75w, https:\/\/rehmex.mx\/wp-content\/uploads\/2018\/02\/04_LARGUEROS-ESECIOALES-1-85x85.jpg 85w, https:\/\/rehmex.mx\/wp-content\/uploads\/2018\/02\/04_LARGUEROS-ESECIOALES-1-80x80.jpg 80w\" sizes=\"(max-width: 280px) 100vw, 280px\" \/><\/a><\/figure><div class=\"elementor-image-box-content\"><h3 class=\"elementor-image-box-title\"><a href=\"https:\/\/www.woody-decorators.com\/\">Dise\u00f1o Especial Stringers<\/a><\/h3><\/div><\/div>\t\t\t\t<\/div>\n\t\t\t\t<\/div>\n\t\t\t\t\t<\/div>\n\t\t<\/div>\n\t\t\t\t<div class=\"elementor-column elementor-col-33 elementor-inner-column elementor-element elementor-element-115c34c\" data-id=\"115c34c\" data-element_type=\"column\" data-e-type=\"column\">\n\t\t\t<div class=\"elementor-widget-wrap elementor-element-populated\">\n\t\t\t\t\t\t<div class=\"elementor-element elementor-element-af88586 elementor-position-top elementor-widget elementor-widget-image-box\" data-id=\"af88586\" data-element_type=\"widget\" data-e-type=\"widget\" data-widget_type=\"image-box.default\">\n\t\t\t\t<div class=\"elementor-widget-container\">\n\t\t\t\t\t<div class=\"elementor-image-box-wrapper\"><figure class=\"elementor-image-box-img\"><a href=\"https:\/\/www.woody-decorators.com\/\" tabindex=\"-1\"><img loading=\"lazy\" decoding=\"async\" width=\"280\" height=\"280\" src=\"https:\/\/rehmex.mx\/wp-content\/uploads\/2018\/02\/05_PANADERIA-AUTONOMA-1.jpg\" class=\"elementor-animation-wobble-vertical attachment-full size-full wp-image-281\" alt=\"\" srcset=\"https:\/\/rehmex.mx\/wp-content\/uploads\/2018\/02\/05_PANADERIA-AUTONOMA-1.jpg 280w, https:\/\/rehmex.mx\/wp-content\/uploads\/2018\/02\/05_PANADERIA-AUTONOMA-1-150x150.jpg 150w, https:\/\/rehmex.mx\/wp-content\/uploads\/2018\/02\/05_PANADERIA-AUTONOMA-1-146x146.jpg 146w, https:\/\/rehmex.mx\/wp-content\/uploads\/2018\/02\/05_PANADERIA-AUTONOMA-1-50x50.jpg 50w, https:\/\/rehmex.mx\/wp-content\/uploads\/2018\/02\/05_PANADERIA-AUTONOMA-1-75x75.jpg 75w, https:\/\/rehmex.mx\/wp-content\/uploads\/2018\/02\/05_PANADERIA-AUTONOMA-1-85x85.jpg 85w, https:\/\/rehmex.mx\/wp-content\/uploads\/2018\/02\/05_PANADERIA-AUTONOMA-1-80x80.jpg 80w\" sizes=\"(max-width: 280px) 100vw, 280px\" \/><\/a><\/figure><div class=\"elementor-image-box-content\"><h3 class=\"elementor-image-box-title\"><a href=\"https:\/\/www.woody-decorators.com\/\">Panader\u00eda Stringers<\/a><\/h3><\/div><\/div>\t\t\t\t<\/div>\n\t\t\t\t<\/div>\n\t\t\t\t\t<\/div>\n\t\t<\/div>\n\t\t\t\t<div class=\"elementor-column elementor-col-33 elementor-inner-column elementor-element elementor-element-e333b61\" data-id=\"e333b61\" data-element_type=\"column\" data-e-type=\"column\">\n\t\t\t<div class=\"elementor-widget-wrap elementor-element-populated\">\n\t\t\t\t\t\t<div class=\"elementor-element elementor-element-a629dc2 elementor-position-top elementor-widget elementor-widget-image-box\" data-id=\"a629dc2\" data-element_type=\"widget\" data-e-type=\"widget\" data-widget_type=\"image-box.default\">\n\t\t\t\t<div class=\"elementor-widget-container\">\n\t\t\t\t\t<div class=\"elementor-image-box-wrapper\"><figure class=\"elementor-image-box-img\"><a href=\"https:\/\/www.woody-decorators.com\/\" tabindex=\"-1\"><img loading=\"lazy\" decoding=\"async\" width=\"280\" height=\"280\" src=\"https:\/\/rehmex.mx\/wp-content\/uploads\/2018\/02\/06_MANO-OPERADO-DECORADOR.jpg\" class=\"elementor-animation-wobble-vertical attachment-full size-full wp-image-276\" alt=\"\" srcset=\"https:\/\/rehmex.mx\/wp-content\/uploads\/2018\/02\/06_MANO-OPERADO-DECORADOR.jpg 280w, https:\/\/rehmex.mx\/wp-content\/uploads\/2018\/02\/06_MANO-OPERADO-DECORADOR-150x150.jpg 150w, https:\/\/rehmex.mx\/wp-content\/uploads\/2018\/02\/06_MANO-OPERADO-DECORADOR-146x146.jpg 146w, https:\/\/rehmex.mx\/wp-content\/uploads\/2018\/02\/06_MANO-OPERADO-DECORADOR-50x50.jpg 50w, https:\/\/rehmex.mx\/wp-content\/uploads\/2018\/02\/06_MANO-OPERADO-DECORADOR-75x75.jpg 75w, https:\/\/rehmex.mx\/wp-content\/uploads\/2018\/02\/06_MANO-OPERADO-DECORADOR-85x85.jpg 85w, https:\/\/rehmex.mx\/wp-content\/uploads\/2018\/02\/06_MANO-OPERADO-DECORADOR-80x80.jpg 80w\" sizes=\"(max-width: 280px) 100vw, 280px\" \/><\/a><\/figure><div class=\"elementor-image-box-content\"><h3 class=\"elementor-image-box-title\"><a href=\"https:\/\/www.woody-decorators.com\/\">Mano Operado Decorador<\/a><\/h3><\/div><\/div>\t\t\t\t<\/div>\n\t\t\t\t<\/div>\n\t\t\t\t\t<\/div>\n\t\t<\/div>\n\t\t\t\t\t<\/div>\n\t\t<\/section>\n\t\t\t\t\t<\/div>\n\t\t<\/div>\n\t\t\t\t<div class=\"elementor-column elementor-col-50 elementor-top-column elementor-element elementor-element-c614aaa\" data-id=\"c614aaa\" data-element_type=\"column\" data-e-type=\"column\">\n\t\t\t<div class=\"elementor-widget-wrap elementor-element-populated\">\n\t\t\t\t\t\t<div class=\"elementor-element elementor-element-196383e elementor-widget elementor-widget-text-editor\" data-id=\"196383e\" data-element_type=\"widget\" data-e-type=\"widget\" data-widget_type=\"text-editor.default\">\n\t\t\t\t<div class=\"elementor-widget-container\">\n\t\t\t\t\t\t\t\t\t<p>El modelo de confiter\u00eda de Woody coloca una decoraci\u00f3n de tipo cadena en una gran variedad de chocolates horneados. Este modelo est\u00e1 pensado para el fabricante de confiter\u00eda y quien valora la facilidad y versatilidad de su uso.<\/p><p>Los sistemas de woody, est\u00e1n dise\u00f1ados para la producci\u00f3n diaria normal, pero son lo suficientemente robustos como para trabajar horas extras cuando se le solicite.<\/p><p>Al igual que con todos nuestros equipos Woody, el modelo b\u00e1sico de esta m\u00e1quina viene equipada para producir dise\u00f1os en zig-zag. Ajustes simples permiten al usuario hacer decoraciones r\u00e1pidas o lentas, anchas o estrechas, gruesas o delgadas. Cada equipo viene con nuestro motor colador patentado, que limpia el chocolate antes de que alcance el tubo de la boquilla asegurando una operaci\u00f3n consistente durante todo el d\u00eda.<\/p>\t\t\t\t\t\t\t\t<\/div>\n\t\t\t\t<\/div>\n\t\t\t\t<div class=\"elementor-element elementor-element-af1720f elementor-widget elementor-widget-heading\" data-id=\"af1720f\" data-element_type=\"widget\" data-e-type=\"widget\" data-widget_type=\"heading.default\">\n\t\t\t\t<div class=\"elementor-widget-container\">\n\t\t\t\t\t<h2 class=\"elementor-heading-title elementor-size-default\">Proveedor<\/h2>\t\t\t\t<\/div>\n\t\t\t\t<\/div>\n\t\t\t\t<div class=\"elementor-element elementor-element-bc46d55 elementor-view-stacked elementor-position-inline-start elementor-shape-circle elementor-mobile-position-block-start elementor-widget elementor-widget-icon-box\" data-id=\"bc46d55\" data-element_type=\"widget\" data-e-type=\"widget\" data-widget_type=\"icon-box.default\">\n\t\t\t\t<div class=\"elementor-widget-container\">\n\t\t\t\t\t\t\t<div class=\"elementor-icon-box-wrapper\">\n\n\t\t\t\t\t\t<div class=\"elementor-icon-box-icon\">\n\t\t\t\t<span  class=\"elementor-icon\">\n\t\t\t\t<i aria-hidden=\"true\" class=\"far fa-building\"><\/i>\t\t\t\t<\/span>\n\t\t\t<\/div>\n\t\t\t\n\t\t\t\t\t\t<div class=\"elementor-icon-box-content\">\n\n\t\t\t\t\t\t\t\t\t<h3 class=\"elementor-icon-box-title\">\n\t\t\t\t\t\t<span  >\n\t\t\t\t\t\t\tWoody\t\t\t\t\t\t<\/span>\n\t\t\t\t\t<\/h3>\n\t\t\t\t\n\t\t\t\t\n\t\t\t<\/div>\n\t\t\t\n\t\t<\/div>\n\t\t\t\t\t\t<\/div>\n\t\t\t\t<\/div>\n\t\t\t\t<div class=\"elementor-element elementor-element-954108d elementor-widget elementor-widget-heading\" data-id=\"954108d\" data-element_type=\"widget\" data-e-type=\"widget\" data-widget_type=\"heading.default\">\n\t\t\t\t<div class=\"elementor-widget-container\">\n\t\t\t\t\t<h2 class=\"elementor-heading-title elementor-size-default\">Website<\/h2>\t\t\t\t<\/div>\n\t\t\t\t<\/div>\n\t\t\t\t<div class=\"elementor-element elementor-element-7df6114 elementor-view-stacked elementor-position-inline-start elementor-shape-circle elementor-mobile-position-block-start elementor-widget elementor-widget-icon-box\" data-id=\"7df6114\" data-element_type=\"widget\" data-e-type=\"widget\" data-widget_type=\"icon-box.default\">\n\t\t\t\t<div class=\"elementor-widget-container\">\n\t\t\t\t\t\t\t<div class=\"elementor-icon-box-wrapper\">\n\n\t\t\t\t\t\t<div class=\"elementor-icon-box-icon\">\n\t\t\t\t<a href=\"https:\/\/www.woody-decorators.com\/\" class=\"elementor-icon\" tabindex=\"-1\" aria-label=\"Ver sitio web\">\n\t\t\t\t<i aria-hidden=\"true\" class=\"far fa-building\"><\/i>\t\t\t\t<\/a>\n\t\t\t<\/div>\n\t\t\t\n\t\t\t\t\t\t<div class=\"elementor-icon-box-content\">\n\n\t\t\t\t\t\t\t\t\t<h3 class=\"elementor-icon-box-title\">\n\t\t\t\t\t\t<a href=\"https:\/\/www.woody-decorators.com\/\" >\n\t\t\t\t\t\t\tVer sitio web\t\t\t\t\t\t<\/a>\n\t\t\t\t\t<\/h3>\n\t\t\t\t\n\t\t\t\t\n\t\t\t<\/div>\n\t\t\t\n\t\t<\/div>\n\t\t\t\t\t\t<\/div>\n\t\t\t\t<\/div>\n\t\t\t\t<div class=\"elementor-element elementor-element-a94ec39 elementor-widget elementor-widget-heading\" data-id=\"a94ec39\" data-element_type=\"widget\" data-e-type=\"widget\" data-widget_type=\"heading.default\">\n\t\t\t\t<div class=\"elementor-widget-container\">\n\t\t\t\t\t<h2 class=\"elementor-heading-title elementor-size-default\">Website<\/h2>\t\t\t\t<\/div>\n\t\t\t\t<\/div>\n\t\t\t\t<div class=\"elementor-element elementor-element-2249b78 elementor-view-stacked elementor-position-inline-start elementor-shape-circle elementor-mobile-position-block-start elementor-widget elementor-widget-icon-box\" data-id=\"2249b78\" data-element_type=\"widget\" data-e-type=\"widget\" data-widget_type=\"icon-box.default\">\n\t\t\t\t<div class=\"elementor-widget-container\">\n\t\t\t\t\t\t\t<div class=\"elementor-icon-box-wrapper\">\n\n\t\t\t\t\t\t<div class=\"elementor-icon-box-icon\">\n\t\t\t\t<a href=\"https:\/\/www.woody-decorators.com\/Products\/Confectionery-Stringer\" class=\"elementor-icon\" tabindex=\"-1\" aria-label=\"Ver sitio web\">\n\t\t\t\t<i aria-hidden=\"true\" class=\"far fa-building\"><\/i>\t\t\t\t<\/a>\n\t\t\t<\/div>\n\t\t\t\n\t\t\t\t\t\t<div class=\"elementor-icon-box-content\">\n\n\t\t\t\t\t\t\t\t\t<h3 class=\"elementor-icon-box-title\">\n\t\t\t\t\t\t<a href=\"https:\/\/www.woody-decorators.com\/Products\/Confectionery-Stringer\" >\n\t\t\t\t\t\t\tVer sitio web\t\t\t\t\t\t<\/a>\n\t\t\t\t\t<\/h3>\n\t\t\t\t\n\t\t\t\t\n\t\t\t<\/div>\n\t\t\t\n\t\t<\/div>\n\t\t\t\t\t\t<\/div>\n\t\t\t\t<\/div>\n\t\t\t\t<div class=\"elementor-element elementor-element-61bdc3a elementor-widget elementor-widget-heading\" data-id=\"61bdc3a\" data-element_type=\"widget\" data-e-type=\"widget\" data-widget_type=\"heading.default\">\n\t\t\t\t<div class=\"elementor-widget-container\">\n\t\t\t\t\t<h2 class=\"elementor-heading-title elementor-size-default\">Se especializa en<\/h2>\t\t\t\t<\/div>\n\t\t\t\t<\/div>\n\t\t\t\t<div class=\"elementor-element elementor-element-e0579a0 elementor-view-stacked elementor-position-inline-start elementor-shape-circle elementor-mobile-position-block-start elementor-widget elementor-widget-icon-box\" data-id=\"e0579a0\" data-element_type=\"widget\" data-e-type=\"widget\" data-widget_type=\"icon-box.default\">\n\t\t\t\t<div class=\"elementor-widget-container\">\n\t\t\t\t\t\t\t<div class=\"elementor-icon-box-wrapper\">\n\n\t\t\t\t\t\t<div class=\"elementor-icon-box-icon\">\n\t\t\t\t<span  class=\"elementor-icon\">\n\t\t\t\t<i aria-hidden=\"true\" class=\"far fa-building\"><\/i>\t\t\t\t<\/span>\n\t\t\t<\/div>\n\t\t\t\n\t\t\t\t\t\t<div class=\"elementor-icon-box-content\">\n\n\t\t\t\t\t\t\t\t\t<h3 class=\"elementor-icon-box-title\">\n\t\t\t\t\t\t<span  >\n\t\t\t\t\t\t\tMaquinaria Industrial Chocolatera\t\t\t\t\t\t<\/span>\n\t\t\t\t\t<\/h3>\n\t\t\t\t\n\t\t\t\t\n\t\t\t<\/div>\n\t\t\t\n\t\t<\/div>\n\t\t\t\t\t\t<\/div>\n\t\t\t\t<\/div>\n\t\t\t\t\t<\/div>\n\t\t<\/div>\n\t\t\t\t\t<\/div>\n\t\t<\/section>\n\t\t\t\t<\/div>","protected":false},"excerpt":{"rendered":"<p>Acero Inoxidable Stringers Confiter\u00eda Stringers Servo Aut\u00f3noma Dise\u00f1o Especial Stringers Panader\u00eda Stringers Mano Operado Decorador El modelo de confiter\u00eda de Woody coloca una decoraci\u00f3n de tipo cadena en una gran variedad de chocolates horneados. Este modelo est\u00e1 pensado para el fabricante de confiter\u00eda y quien valora la facilidad y versatilidad de su uso. Los sistemas [&hellip;]<\/p>\n","protected":false},"author":1,"featured_media":0,"parent":0,"menu_order":0,"comment_status":"closed","ping_status":"closed","template":"","meta":{"_acf_changed":false,"footnotes":""},"class_list":["post-1850","page","type-page","status-publish","hentry"],"acf":[],"_links":{"self":[{"href":"https:\/\/rehmex.mx\/en\/wp-json\/wp\/v2\/pages\/1850"}],"collection":[{"href":"https:\/\/rehmex.mx\/en\/wp-json\/wp\/v2\/pages"}],"about":[{"href":"https:\/\/rehmex.mx\/en\/wp-json\/wp\/v2\/types\/page"}],"author":[{"embeddable":true,"href":"https:\/\/rehmex.mx\/en\/wp-json\/wp\/v2\/users\/1"}],"replies":[{"embeddable":true,"href":"https:\/\/rehmex.mx\/en\/wp-json\/wp\/v2\/comments?post=1850"}],"version-history":[{"count":16,"href":"https:\/\/rehmex.mx\/en\/wp-json\/wp\/v2\/pages\/1850\/revisions"}],"predecessor-version":[{"id":1869,"href":"https:\/\/rehmex.mx\/en\/wp-json\/wp\/v2\/pages\/1850\/revisions\/1869"}],"wp:attachment":[{"href":"https:\/\/rehmex.mx\/en\/wp-json\/wp\/v2\/media?parent=1850"}],"curies":[{"name":"wp","href":"https:\/\/api.w.org\/{rel}","templated":true}]}}