{"id":229,"date":"2018-02-15T00:38:33","date_gmt":"2018-02-15T06:38:33","guid":{"rendered":"http:\/\/rehmex.com.mx\/?page_id=229"},"modified":"2018-02-15T00:38:33","modified_gmt":"2018-02-15T06:38:33","slug":"aviso","status":"publish","type":"page","link":"https:\/\/rehmex.mx\/en\/aviso\/","title":{"rendered":"Aviso de Privacidad"},"content":{"rendered":"<p>[vc_row][vc_column][vc_column_text]<\/p>\n<p style=\"text-align: justify;\">Con fundamento en los art\u00edculos 15 y 16 de la Ley Federal de Protecci\u00f3n de Datos Personales en Poseci\u00f3n de Particulares hacemos de su conocimiento que REHMEX con domicilio en Lago Mask 229 col. An\u00e1huac 11320, M\u00e9xico D.F., es responsable de recabar sus datos personales, del uso que se le d\u00e9 a los mismos y de su protecci\u00f3n.<\/p>\n<p style=\"text-align: justify;\">Su informaci\u00f3n personal ser\u00e1 utilizada para las siguientes finalidades: proveer los servicios y\/o productos que ha solicitado; notificarle sobre nuevos servicios o productos que tengan relaci\u00f3n con los ya contratados o adquiridos; comunicarle sobre cambios en los mismos; realizar evaluaciones peri\u00f3dicas de nuestros productos y servicios a efecto de mejorar la calidad de los mismos, evaluar la calidad del servicio que brindamos y en general para dar cumplimiento a las obligaciones que hemos contra\u00eddo con usted.<\/p>\n<p style=\"text-align: justify;\">Para las finalidades antes mencionadas, requerimos obtener los siguientes datos personales:<\/p>\n<ul>\n<li>Nombre completo<\/li>\n<li>Tel\u00e9fono fijo y\/o celular<\/li>\n<li>Correo electr\u00f3nico<\/li>\n<li>Direcci\u00f3n<\/li>\n<li>RFC y\/o CURP<\/li>\n<li>Firma Aut\u00f3grafa<\/li>\n<li>Contrase\u00f1as de servicios<\/li>\n<\/ul>\n<p style=\"text-align: justify;\">Es importante informarle que usted tiene derecho al Acceso, Rectificaci\u00f3n y Cancelaci\u00f3n de sus datos personales, a Oponerse al tratamiento de los mismos o a revocar el consentimiento que para dicho fin nos haya otorgado.<\/p>\n<p style=\"text-align: justify;\">Para ello, es necesario que env\u00ede la solicitud en los t\u00e9rminos que marca la Lay en su Art. 29 a Departamento de Protecci\u00f3n de Datos Personales, responsable de nuestro Departamento de Protecci\u00f3n de Datos Personales: Lago Mask 229 Col. An\u00e1huac 11320, M\u00e9xico D.f., o bien se comunique al tel\u00e9fono +52 55 5545 7400 o v\u00eda correo electr\u00f3nico a privacidad@rehmex.com.mx, el cual solicitamos confirme v\u00eda telef\u00f3nica para garantizar su correcta recepci\u00f3n.<\/p>\n<p style=\"text-align: justify;\">En caso de que no obtengamos su oposici\u00f3n expresa para que sus datos personales sean tranferidos en la forma y t\u00e9rminos antes descrita, entenderemos que ha otorgado su consentimiento en forma t\u00e1cita para ello.<\/p>\n<p style=\"text-align: justify;\">Importante: Cualquier modificaci\u00f3n a este Aviso de Privacidad podr\u00e1 consultarlo en <a href=\"http:\/\/www.rehmex.com.mx\">http:\/\/www.rehmex.com.mx<\/a><\/p>\n<p>[\/vc_column_text][\/vc_column][\/vc_row]<\/p>\n","protected":false},"excerpt":{"rendered":"<p>[vc_row][vc_column][vc_column_text] Con fundamento en los art\u00edculos 15 y 16 de la Ley Federal de Protecci\u00f3n de Datos Personales en Poseci\u00f3n de Particulares hacemos de su conocimiento que REHMEX con domicilio en Lago Mask 229 col. An\u00e1huac 11320, M\u00e9xico D.F., es responsable de recabar sus datos personales, del uso que se le d\u00e9 a los mismos [&hellip;]<\/p>\n","protected":false},"author":1,"featured_media":0,"parent":0,"menu_order":0,"comment_status":"closed","ping_status":"closed","template":"","meta":{"_acf_changed":false,"footnotes":""},"class_list":["post-229","page","type-page","status-publish","hentry"],"acf":[],"_links":{"self":[{"href":"https:\/\/rehmex.mx\/en\/wp-json\/wp\/v2\/pages\/229"}],"collection":[{"href":"https:\/\/rehmex.mx\/en\/wp-json\/wp\/v2\/pages"}],"about":[{"href":"https:\/\/rehmex.mx\/en\/wp-json\/wp\/v2\/types\/page"}],"author":[{"embeddable":true,"href":"https:\/\/rehmex.mx\/en\/wp-json\/wp\/v2\/users\/1"}],"replies":[{"embeddable":true,"href":"https:\/\/rehmex.mx\/en\/wp-json\/wp\/v2\/comments?post=229"}],"version-history":[{"count":0,"href":"https:\/\/rehmex.mx\/en\/wp-json\/wp\/v2\/pages\/229\/revisions"}],"wp:attachment":[{"href":"https:\/\/rehmex.mx\/en\/wp-json\/wp\/v2\/media?parent=229"}],"curies":[{"name":"wp","href":"https:\/\/api.w.org\/{rel}","templated":true}]}}